{"id":108,"date":"2019-05-06T18:27:37","date_gmt":"2019-05-06T16:27:37","guid":{"rendered":"http:\/\/famelona.mg\/?page_id=108"},"modified":"2025-06-18T13:59:58","modified_gmt":"2025-06-18T11:59:58","slug":"accueil","status":"publish","type":"page","link":"https:\/\/famelona.mg\/","title":{"rendered":"Accueil"},"content":{"rendered":"\n<p><\/p>\n\n\n\n<div class=\"wp-block-media-text alignfull\"><figure class=\"wp-block-media-text__media\"><img decoding=\"async\" width=\"1024\" height=\"768\" src=\"https:\/\/i0.wp.com\/famelona.mg\/wp-content\/uploads\/2019\/05\/IMG_1382.jpg?resize=1024%2C768&#038;ssl=1\" alt=\"\" class=\"wp-image-13 size-full\" srcset=\"https:\/\/i0.wp.com\/famelona.mg\/wp-content\/uploads\/2019\/05\/IMG_1382.jpg?resize=1024%2C768&amp;ssl=1 1024w, https:\/\/i0.wp.com\/famelona.mg\/wp-content\/uploads\/2019\/05\/IMG_1382.jpg?resize=300%2C225&amp;ssl=1 300w, https:\/\/i0.wp.com\/famelona.mg\/wp-content\/uploads\/2019\/05\/IMG_1382.jpg?resize=768%2C576&amp;ssl=1 768w, https:\/\/i0.wp.com\/famelona.mg\/wp-content\/uploads\/2019\/05\/IMG_1382.jpg?resize=380%2C285&amp;ssl=1 380w, https:\/\/i0.wp.com\/famelona.mg\/wp-content\/uploads\/2019\/05\/IMG_1382.jpg?w=2340&amp;ssl=1 2340w, https:\/\/i0.wp.com\/famelona.mg\/wp-content\/uploads\/2019\/05\/IMG_1382.jpg?w=3510&amp;ssl=1 3510w\" sizes=\"(max-width: 1024px) 100vw, 1024px\" data-recalc-dims=\"1\" \/><\/figure><div class=\"wp-block-media-text__content\">\n<h2 class=\"wp-block-heading\"><a href=\"https:\/\/famelona.mg\/?p=55\">A propos de nous<\/a><\/h2>\n\n\n\n<p>\n\nL\u2019association Famelona intervient dans tous les domaines qui touchent de pr\u00e8s ou de loin la protection de l\u2019Environnement.\n\n<\/p>\n<\/div><\/div>\n\n\n\n<hr class=\"wp-block-separator has-css-opacity\"\/>\n\n\n\n<div class=\"wp-block-media-text alignfull has-media-on-the-right\"><div class=\"wp-block-media-text__content\">\n<h2 class=\"wp-block-heading\"><a href=\"https:\/\/famelona.mg\/?p=61\">Aire&nbsp;prot\u00e9g\u00e9e&nbsp;  d&rsquo;Ampasindava<\/a><\/h2>\n\n\n\n<p> <br>La p\u00e9ninsule d\u2019Ampasindava a \u00e9t\u00e9 identifi\u00e9e comme une zone r\u00e9serv\u00e9e \u00e0 la conservation depuis l\u2019ann\u00e9e 2004 par les groupes de vision Durban. <\/p>\n<\/div><figure class=\"wp-block-media-text__media\"><img decoding=\"async\" width=\"1024\" height=\"768\" src=\"https:\/\/i0.wp.com\/famelona.mg\/wp-content\/uploads\/2019\/05\/IMG_1607.jpg?resize=1024%2C768&#038;ssl=1\" alt=\"\" class=\"wp-image-117 size-full\" srcset=\"https:\/\/i0.wp.com\/famelona.mg\/wp-content\/uploads\/2019\/05\/IMG_1607.jpg?resize=1024%2C768&amp;ssl=1 1024w, https:\/\/i0.wp.com\/famelona.mg\/wp-content\/uploads\/2019\/05\/IMG_1607.jpg?resize=300%2C225&amp;ssl=1 300w, https:\/\/i0.wp.com\/famelona.mg\/wp-content\/uploads\/2019\/05\/IMG_1607.jpg?resize=768%2C576&amp;ssl=1 768w, https:\/\/i0.wp.com\/famelona.mg\/wp-content\/uploads\/2019\/05\/IMG_1607.jpg?w=2340&amp;ssl=1 2340w, https:\/\/i0.wp.com\/famelona.mg\/wp-content\/uploads\/2019\/05\/IMG_1607.jpg?w=3510&amp;ssl=1 3510w\" sizes=\"(max-width: 1024px) 100vw, 1024px\" data-recalc-dims=\"1\" \/><\/figure><\/div>\n\n\n\n<hr class=\"wp-block-separator has-css-opacity\"\/>\n\n\n\n<div class=\"wp-block-media-text alignfull\"><figure class=\"wp-block-media-text__media\"><img decoding=\"async\" width=\"1024\" height=\"768\" src=\"https:\/\/i0.wp.com\/famelona.mg\/wp-content\/uploads\/2019\/05\/Massif-Kalobin\u00f4no-2.jpg?resize=1024%2C768&#038;ssl=1\" alt=\"\" class=\"wp-image-166 size-full\" srcset=\"https:\/\/i0.wp.com\/famelona.mg\/wp-content\/uploads\/2019\/05\/Massif-Kalobin\u00f4no-2.jpg?resize=1024%2C768&amp;ssl=1 1024w, https:\/\/i0.wp.com\/famelona.mg\/wp-content\/uploads\/2019\/05\/Massif-Kalobin\u00f4no-2.jpg?resize=300%2C225&amp;ssl=1 300w, https:\/\/i0.wp.com\/famelona.mg\/wp-content\/uploads\/2019\/05\/Massif-Kalobin\u00f4no-2.jpg?resize=768%2C576&amp;ssl=1 768w, https:\/\/i0.wp.com\/famelona.mg\/wp-content\/uploads\/2019\/05\/Massif-Kalobin\u00f4no-2.jpg?w=2340&amp;ssl=1 2340w, https:\/\/i0.wp.com\/famelona.mg\/wp-content\/uploads\/2019\/05\/Massif-Kalobin\u00f4no-2.jpg?w=3510&amp;ssl=1 3510w\" sizes=\"(max-width: 1024px) 100vw, 1024px\" data-recalc-dims=\"1\" \/><\/figure><div class=\"wp-block-media-text__content\">\n<h2 class=\"wp-block-heading\"><a href=\"https:\/\/famelona.mg\/?p=163\">Aire&nbsp;prot\u00e9g\u00e9e Galoko-Kalobinono<\/a><\/h2>\n\n\n\n<p><\/p>\n\n\n\n<p>Class\u00e9s de cat\u00e9gorie V (paysage harmonieux prot\u00e9g\u00e9), l&rsquo;Aire prot\u00e9g\u00e9e situ\u00e9 dans le District d&rsquo;Ambilobe et d&rsquo;Ambanja, (R\u00e9gion Diana) est en cogestion de type collaboratif.<\/p>\n\n\n\n<p><br> <\/p>\n<\/div><\/div>\n\n\n\n<hr class=\"wp-block-separator has-css-opacity\"\/>\n\n\n\n<p class=\"has-text-align-left\"><strong>Nos partenaires<\/strong><\/p>\n\n\n\n<figure class=\"wp-block-image size-full\"><img decoding=\"async\" width=\"978\" height=\"446\" src=\"https:\/\/i0.wp.com\/famelona.mg\/wp-content\/uploads\/2024\/05\/Logo-Partenaires-mai_2024-1.jpg?resize=978%2C446&#038;ssl=1\" alt=\"Logos partenaires\" class=\"wp-image-1251\" srcset=\"https:\/\/i0.wp.com\/famelona.mg\/wp-content\/uploads\/2024\/05\/Logo-Partenaires-mai_2024-1.jpg?w=978&amp;ssl=1 978w, https:\/\/i0.wp.com\/famelona.mg\/wp-content\/uploads\/2024\/05\/Logo-Partenaires-mai_2024-1.jpg?resize=300%2C137&amp;ssl=1 300w, https:\/\/i0.wp.com\/famelona.mg\/wp-content\/uploads\/2024\/05\/Logo-Partenaires-mai_2024-1.jpg?resize=768%2C350&amp;ssl=1 768w, https:\/\/i0.wp.com\/famelona.mg\/wp-content\/uploads\/2024\/05\/Logo-Partenaires-mai_2024-1.jpg?resize=230%2C105&amp;ssl=1 230w, https:\/\/i0.wp.com\/famelona.mg\/wp-content\/uploads\/2024\/05\/Logo-Partenaires-mai_2024-1.jpg?resize=350%2C160&amp;ssl=1 350w, https:\/\/i0.wp.com\/famelona.mg\/wp-content\/uploads\/2024\/05\/Logo-Partenaires-mai_2024-1.jpg?resize=480%2C219&amp;ssl=1 480w\" sizes=\"(max-width: 978px) 100vw, 978px\" data-recalc-dims=\"1\" \/><\/figure>\n\n\n\n<p class=\"has-text-align-left\"><strong>Nos partenaires techniques<\/strong><\/p>\n\n\n\n<figure class=\"wp-block-image size-large\"><img decoding=\"async\" width=\"1024\" height=\"225\" src=\"https:\/\/i0.wp.com\/famelona.mg\/wp-content\/uploads\/2019\/12\/logo-partenaires-famelona-4-1.jpg?resize=1024%2C225&#038;ssl=1\" alt=\"\" class=\"wp-image-364\" srcset=\"https:\/\/i0.wp.com\/famelona.mg\/wp-content\/uploads\/2019\/12\/logo-partenaires-famelona-4-1.jpg?resize=1024%2C225&amp;ssl=1 1024w, https:\/\/i0.wp.com\/famelona.mg\/wp-content\/uploads\/2019\/12\/logo-partenaires-famelona-4-1.jpg?resize=300%2C66&amp;ssl=1 300w, https:\/\/i0.wp.com\/famelona.mg\/wp-content\/uploads\/2019\/12\/logo-partenaires-famelona-4-1.jpg?resize=768%2C169&amp;ssl=1 768w, https:\/\/i0.wp.com\/famelona.mg\/wp-content\/uploads\/2019\/12\/logo-partenaires-famelona-4-1.jpg?w=1366&amp;ssl=1 1366w\" sizes=\"(max-width: 1024px) 100vw, 1024px\" data-recalc-dims=\"1\" \/><\/figure>\n\n\n\n<p class=\"has-text-align-left\"><strong>Nous sommes membres de <\/strong><\/p>\n\n\n<div class=\"wp-block-image\">\n<figure class=\"alignleft size-large is-resized\"><img decoding=\"async\" width=\"896\" height=\"149\" src=\"https:\/\/i0.wp.com\/famelona.mg\/wp-content\/uploads\/2020\/05\/reseau.jpg?resize=896%2C149&#038;ssl=1\" alt=\"\" class=\"wp-image-626\" style=\"width:446px;height:74px\" srcset=\"https:\/\/i0.wp.com\/famelona.mg\/wp-content\/uploads\/2020\/05\/reseau.jpg?w=896&amp;ssl=1 896w, https:\/\/i0.wp.com\/famelona.mg\/wp-content\/uploads\/2020\/05\/reseau.jpg?resize=300%2C50&amp;ssl=1 300w, https:\/\/i0.wp.com\/famelona.mg\/wp-content\/uploads\/2020\/05\/reseau.jpg?resize=768%2C128&amp;ssl=1 768w, https:\/\/i0.wp.com\/famelona.mg\/wp-content\/uploads\/2020\/05\/reseau.jpg?resize=830%2C138&amp;ssl=1 830w, https:\/\/i0.wp.com\/famelona.mg\/wp-content\/uploads\/2020\/05\/reseau.jpg?resize=230%2C38&amp;ssl=1 230w, https:\/\/i0.wp.com\/famelona.mg\/wp-content\/uploads\/2020\/05\/reseau.jpg?resize=350%2C58&amp;ssl=1 350w, https:\/\/i0.wp.com\/famelona.mg\/wp-content\/uploads\/2020\/05\/reseau.jpg?resize=480%2C80&amp;ssl=1 480w\" sizes=\"(max-width: 896px) 100vw, 896px\" data-recalc-dims=\"1\" \/><\/figure><\/div>\n\n\n<div style=\"height:151px\" aria-hidden=\"true\" class=\"wp-block-spacer\"><\/div>\n\n\n\n<div class=\"wp-block-cover alignwide is-position-center-center\" style=\"min-height:291px;aspect-ratio:unset;\"><span aria-hidden=\"true\" class=\"wp-block-cover__background has-background-dim-20 has-background-dim\"><\/span><img decoding=\"async\" width=\"1170\" height=\"878\" class=\"wp-block-cover__image-background wp-image-588\" alt=\"\" src=\"https:\/\/i0.wp.com\/famelona.mg\/wp-content\/uploads\/2020\/03\/IMG_3127-scaled.jpg?resize=1170%2C878&#038;ssl=1\" style=\"object-position:53% 54%\" data-object-fit=\"cover\" data-object-position=\"53% 54%\" srcset=\"https:\/\/i0.wp.com\/famelona.mg\/wp-content\/uploads\/2020\/03\/IMG_3127-scaled.jpg?w=2560&amp;ssl=1 2560w, https:\/\/i0.wp.com\/famelona.mg\/wp-content\/uploads\/2020\/03\/IMG_3127-scaled.jpg?resize=300%2C225&amp;ssl=1 300w, https:\/\/i0.wp.com\/famelona.mg\/wp-content\/uploads\/2020\/03\/IMG_3127-scaled.jpg?resize=1024%2C768&amp;ssl=1 1024w, https:\/\/i0.wp.com\/famelona.mg\/wp-content\/uploads\/2020\/03\/IMG_3127-scaled.jpg?resize=768%2C576&amp;ssl=1 768w, https:\/\/i0.wp.com\/famelona.mg\/wp-content\/uploads\/2020\/03\/IMG_3127-scaled.jpg?resize=1536%2C1152&amp;ssl=1 1536w, https:\/\/i0.wp.com\/famelona.mg\/wp-content\/uploads\/2020\/03\/IMG_3127-scaled.jpg?resize=2048%2C1536&amp;ssl=1 2048w, https:\/\/i0.wp.com\/famelona.mg\/wp-content\/uploads\/2020\/03\/IMG_3127-scaled.jpg?resize=830%2C623&amp;ssl=1 830w, https:\/\/i0.wp.com\/famelona.mg\/wp-content\/uploads\/2020\/03\/IMG_3127-scaled.jpg?resize=230%2C173&amp;ssl=1 230w, https:\/\/i0.wp.com\/famelona.mg\/wp-content\/uploads\/2020\/03\/IMG_3127-scaled.jpg?resize=350%2C263&amp;ssl=1 350w, https:\/\/i0.wp.com\/famelona.mg\/wp-content\/uploads\/2020\/03\/IMG_3127-scaled.jpg?resize=480%2C360&amp;ssl=1 480w, https:\/\/i0.wp.com\/famelona.mg\/wp-content\/uploads\/2020\/03\/IMG_3127-scaled.jpg?w=2340&amp;ssl=1 2340w\" sizes=\"(max-width: 1170px) 100vw, 1170px\" data-recalc-dims=\"1\" \/><div class=\"wp-block-cover__inner-container is-layout-flow wp-block-cover-is-layout-flow\">\n<p class=\"has-text-align-center has-text-color has-large-font-size\" style=\"color:#fffffa;line-height:1.1\"><strong><a href=\"https:\/\/famelona.mg\/?page_id=821\" title=\"https:\/\/famelona.mg\/?page_id=821\">Faire un don<\/a><\/strong><\/p>\n<\/div><\/div>\n\n\n<div class=\"_df_book df-lite\" id=\"df_1398\"  _slug=\"ranomamy-ambariomena\" data-title=\"ranomamy-ambariomena\" wpoptions=\"true\" thumbtype=\"\" ><\/div><script class=\"df-shortcode-script\" nowprocket type=\"application\/javascript\">window.option_df_1398 = {\"outline\":[],\"autoEnableOutline\":\"false\",\"autoEnableThumbnail\":\"false\",\"overwritePDFOutline\":\"false\",\"direction\":\"1\",\"pageSize\":\"0\",\"source\":\"https:\\\/\\\/famelona.mg\\\/wp-content\\\/uploads\\\/2025\\\/06\\\/Brochure-Tourisme-Ambariomena.pdf\",\"wpOptions\":\"true\"}; if(window.DFLIP && window.DFLIP.parseBooks){window.DFLIP.parseBooks();}<\/script>\n","protected":false},"excerpt":{"rendered":"<p>A propos de nous L\u2019association Famelona intervient dans tous les domaines qui touchent de pr\u00e8s ou de loin la protection de l\u2019Environnement. [&hellip;]<\/p>\n","protected":false},"author":1,"featured_media":0,"parent":0,"menu_order":0,"comment_status":"closed","ping_status":"closed","template":"","meta":{"advgb_blocks_editor_width":"","advgb_blocks_columns_visual_guide":"","episode_type":"","audio_file":"","cover_image":"","cover_image_id":"","duration":"","filesize":"","date_recorded":"","explicit":"","block":"","filesize_raw":"","footnotes":""},"aioseo_notices":[],"coauthors":[],"author_meta":{"author_link":"https:\/\/famelona.mg\/?author=1","display_name":"Association Famelona"},"relative_dates":{"created":"Publi\u00e9 7 ans il y a","modified":"Mis \u00e0 jour 11 mois il y a"},"absolute_dates":{"created":"Publi\u00e9 le 6 mai 2019","modified":"Mise \u00e0 jour le 18 juin 2025"},"absolute_dates_time":{"created":"Publi\u00e9 le 6 mai 2019 18 h 27 min","modified":"Mise \u00e0 jour le 18 juin 2025 13 h 59 min"},"featured_img_caption":"","featured_img":false,"series_order":"","jetpack_likes_enabled":true,"jetpack_sharing_enabled":true,"_links":{"self":[{"href":"https:\/\/famelona.mg\/index.php?rest_route=\/wp\/v2\/pages\/108"}],"collection":[{"href":"https:\/\/famelona.mg\/index.php?rest_route=\/wp\/v2\/pages"}],"about":[{"href":"https:\/\/famelona.mg\/index.php?rest_route=\/wp\/v2\/types\/page"}],"author":[{"embeddable":true,"href":"https:\/\/famelona.mg\/index.php?rest_route=\/wp\/v2\/users\/1"}],"replies":[{"embeddable":true,"href":"https:\/\/famelona.mg\/index.php?rest_route=%2Fwp%2Fv2%2Fcomments&post=108"}],"version-history":[{"count":49,"href":"https:\/\/famelona.mg\/index.php?rest_route=\/wp\/v2\/pages\/108\/revisions"}],"predecessor-version":[{"id":1402,"href":"https:\/\/famelona.mg\/index.php?rest_route=\/wp\/v2\/pages\/108\/revisions\/1402"}],"wp:attachment":[{"href":"https:\/\/famelona.mg\/index.php?rest_route=%2Fwp%2Fv2%2Fmedia&parent=108"}],"curies":[{"name":"wp","href":"https:\/\/api.w.org\/{rel}","templated":true}]}}