{"id":1704,"date":"2026-03-23T13:37:01","date_gmt":"2026-03-23T12:37:01","guid":{"rendered":"https:\/\/famelona.mg\/?page_id=1704"},"modified":"2026-03-23T13:55:05","modified_gmt":"2026-03-23T12:55:05","slug":"rapport-annuel","status":"publish","type":"page","link":"https:\/\/famelona.mg\/?page_id=1704","title":{"rendered":"Rapport annuel"},"content":{"rendered":"\n<p>L\u2019Association Famelona partage ici ses rapports annuels, qui pr\u00e9sentent chaque ann\u00e9e un aper\u00e7u de ses activit\u00e9s, de ses r\u00e9alisations et des r\u00e9sultats obtenus dans le cadre de ses actions en faveur de la conservation de la biodiversit\u00e9 et du d\u00e9veloppement durable \u00e0 Madagascar.<\/p>\n\n\n\n<p>Ces rapports refl\u00e8tent l\u2019\u00e9volution de nos interventions sur le terrain, men\u00e9es en collaboration avec les communaut\u00e9s locales et nos partenaires, notamment dans les Aires Prot\u00e9g\u00e9es d\u2019Ampasindava et de Galoko-Kalobinono.<\/p>\n\n\n\n<p>\u00c0 travers ces publications, Famelona vise \u00e0 assurer la transparence de ses actions et \u00e0 valoriser les efforts conjoints r\u00e9alis\u00e9s pour la protection des \u00e9cosyst\u00e8mes et le soutien aux populations locales.<\/p>\n\n\n\n<p>\ud83d\udcc4 Vous pouvez consulter et t\u00e9l\u00e9charger les rapports annuels disponibles ci-dessous :<\/p>\n\n\n\n<ul class=\"has-16-font-size\">\n<li class=\"has-16-font-size\"><strong><em>Rapport annuel 2025 <\/em><\/strong><\/li>\n<\/ul>\n\n\n\n<div class=\"wp-block-columns is-layout-flex wp-container-core-columns-is-layout-1 wp-block-columns-is-layout-flex\">\n<div class=\"wp-block-column is-layout-flow wp-block-column-is-layout-flow\">\n<p><em>Version Fran\u00e7aise<\/em><\/p>\n\n\n\n<div class=\"_df_book df-lite\" id=\"df_1708\"  _slug=\"rapport-annuel-2025_version-francaise\" data-title=\"rapport-annuel-2025_version-francaise\" wpoptions=\"true\" thumbtype=\"\" ><\/div><script class=\"df-shortcode-script\" nowprocket type=\"application\/javascript\">window.option_df_1708 = {\"outline\":[],\"autoEnableOutline\":\"false\",\"autoEnableThumbnail\":\"false\",\"overwritePDFOutline\":\"false\",\"direction\":\"1\",\"pageSize\":\"0\",\"source\":\"https:\\\/\\\/famelona.mg\\\/wp-content\\\/uploads\\\/2026\\\/03\\\/Famelona-Rapport-annuel-2025-\\u2013-Version-francaise_compressed.pdf\",\"wpOptions\":\"true\"}; if(window.DFLIP && window.DFLIP.parseBooks){window.DFLIP.parseBooks();}<\/script>\n<\/div>\n\n\n\n<div class=\"wp-block-column is-layout-flow wp-block-column-is-layout-flow\">\n<p><em>Version Anglaise<\/em><\/p>\n\n\n\n<div class=\"_df_book df-lite\" id=\"df_1711\"  _slug=\"rapport-annuel-2025_version-anglaise\" data-title=\"rapport-annuel-2025_version-anglaise\" wpoptions=\"true\" thumbtype=\"\" ><\/div><script class=\"df-shortcode-script\" nowprocket type=\"application\/javascript\">window.option_df_1711 = {\"outline\":[],\"autoEnableOutline\":\"false\",\"autoEnableThumbnail\":\"false\",\"overwritePDFOutline\":\"false\",\"direction\":\"1\",\"pageSize\":\"0\",\"source\":\"https:\\\/\\\/famelona.mg\\\/wp-content\\\/uploads\\\/2026\\\/03\\\/Famelona-Annual-Report-2025-\\u2013-English-Version_compressed.pdf\",\"wpOptions\":\"true\"}; if(window.DFLIP && window.DFLIP.parseBooks){window.DFLIP.parseBooks();}<\/script>\n<\/div>\n<\/div>\n","protected":false},"excerpt":{"rendered":"<p>L\u2019Association Famelona partage ici ses rapports annuels, qui pr\u00e9sentent chaque ann\u00e9e un aper\u00e7u de ses activit\u00e9s, de ses r\u00e9alisations et des r\u00e9sultats [&hellip;]<\/p>\n","protected":false},"author":1,"featured_media":0,"parent":0,"menu_order":0,"comment_status":"closed","ping_status":"closed","template":"","meta":{"advgb_blocks_editor_width":"","advgb_blocks_columns_visual_guide":"","episode_type":"","audio_file":"","cover_image":"","cover_image_id":"","duration":"","filesize":"","date_recorded":"","explicit":"","block":"","filesize_raw":"","footnotes":""},"aioseo_notices":[],"coauthors":[],"author_meta":{"author_link":"https:\/\/famelona.mg\/?author=1","display_name":"Association Famelona"},"relative_dates":{"created":"Publi\u00e9 2 mois il y a","modified":"Mis \u00e0 jour 2 mois il y a"},"absolute_dates":{"created":"Publi\u00e9 le 23 mars 2026","modified":"Mise \u00e0 jour le 23 mars 2026"},"absolute_dates_time":{"created":"Publi\u00e9 le 23 mars 2026 13 h 37 min","modified":"Mise \u00e0 jour le 23 mars 2026 13 h 55 min"},"featured_img_caption":"","featured_img":false,"series_order":"","jetpack_likes_enabled":true,"jetpack_sharing_enabled":true,"_links":{"self":[{"href":"https:\/\/famelona.mg\/index.php?rest_route=\/wp\/v2\/pages\/1704"}],"collection":[{"href":"https:\/\/famelona.mg\/index.php?rest_route=\/wp\/v2\/pages"}],"about":[{"href":"https:\/\/famelona.mg\/index.php?rest_route=\/wp\/v2\/types\/page"}],"author":[{"embeddable":true,"href":"https:\/\/famelona.mg\/index.php?rest_route=\/wp\/v2\/users\/1"}],"replies":[{"embeddable":true,"href":"https:\/\/famelona.mg\/index.php?rest_route=%2Fwp%2Fv2%2Fcomments&post=1704"}],"version-history":[{"count":4,"href":"https:\/\/famelona.mg\/index.php?rest_route=\/wp\/v2\/pages\/1704\/revisions"}],"predecessor-version":[{"id":1717,"href":"https:\/\/famelona.mg\/index.php?rest_route=\/wp\/v2\/pages\/1704\/revisions\/1717"}],"wp:attachment":[{"href":"https:\/\/famelona.mg\/index.php?rest_route=%2Fwp%2Fv2%2Fmedia&parent=1704"}],"curies":[{"name":"wp","href":"https:\/\/api.w.org\/{rel}","templated":true}]}}