{"id":232,"date":"2019-06-11T15:58:15","date_gmt":"2019-06-11T13:58:15","guid":{"rendered":"http:\/\/famelona.mg\/?page_id=232"},"modified":"2020-11-05T08:17:12","modified_gmt":"2020-11-05T07:17:12","slug":"axes-dinterventions","status":"publish","type":"page","link":"https:\/\/famelona.mg\/?page_id=232","title":{"rendered":"Interventions"},"content":{"rendered":"<p><\/p>\n<p><!--StartFragment--><\/p>\n\n\n<p>L\u2019Association Famelona s\u2019est depuis toujours investie dans la formation et le partage de connaissances sur la conservation et la valorisation des ressources naturelles. <\/p>\n\n\n\n<p>Ces actions s\u2019inscrivent dans une vision tendant \u00e0 valoriser l\u2019\u00e9quit\u00e9 et l\u2019\u00e9galit\u00e9 des genres, pour le b\u00e9n\u00e9fice des populations locales.<br> Dans cette d\u00e9marche, on peut citer notamment la mise en place des p\u00e9pini\u00e8res villageoises et les suivis \u00e9cologiques communautaires des zones d\u2019interventions, les actions coordonn\u00e9es avec les associations de femmes villageoises, et les diff\u00e9rentes formations, sur les activit\u00e9s de d\u00e9veloppement rural, comme alternative aux utilisations irrationnelles des ressources naturelles.<\/p>\n\n\n\n<figure class=\"wp-block-image\"><img decoding=\"async\" width=\"1024\" height=\"768\" src=\"https:\/\/i0.wp.com\/famelona.mg\/wp-content\/uploads\/2019\/05\/DSCN5745.jpg?resize=1024%2C768&#038;ssl=1\" alt=\"\" class=\"wp-image-183\" srcset=\"https:\/\/i0.wp.com\/famelona.mg\/wp-content\/uploads\/2019\/05\/DSCN5745.jpg?resize=1024%2C768&amp;ssl=1 1024w, https:\/\/i0.wp.com\/famelona.mg\/wp-content\/uploads\/2019\/05\/DSCN5745.jpg?resize=300%2C225&amp;ssl=1 300w, https:\/\/i0.wp.com\/famelona.mg\/wp-content\/uploads\/2019\/05\/DSCN5745.jpg?resize=768%2C576&amp;ssl=1 768w, https:\/\/i0.wp.com\/famelona.mg\/wp-content\/uploads\/2019\/05\/DSCN5745.jpg?w=2340&amp;ssl=1 2340w, https:\/\/i0.wp.com\/famelona.mg\/wp-content\/uploads\/2019\/05\/DSCN5745.jpg?w=3510&amp;ssl=1 3510w\" sizes=\"(max-width: 1024px) 100vw, 1024px\" data-recalc-dims=\"1\" \/><\/figure>\n\n\n\n<figure class=\"wp-block-image size-large\"><img decoding=\"async\" width=\"1024\" height=\"768\" src=\"https:\/\/i0.wp.com\/famelona.mg\/wp-content\/uploads\/2020\/03\/IMG_3014.jpg?resize=1024%2C768&#038;ssl=1\" alt=\"\" class=\"wp-image-582\" srcset=\"https:\/\/i0.wp.com\/famelona.mg\/wp-content\/uploads\/2020\/03\/IMG_3014-scaled.jpg?resize=1024%2C768&amp;ssl=1 1024w, https:\/\/i0.wp.com\/famelona.mg\/wp-content\/uploads\/2020\/03\/IMG_3014-scaled.jpg?resize=300%2C225&amp;ssl=1 300w, https:\/\/i0.wp.com\/famelona.mg\/wp-content\/uploads\/2020\/03\/IMG_3014-scaled.jpg?resize=768%2C576&amp;ssl=1 768w, https:\/\/i0.wp.com\/famelona.mg\/wp-content\/uploads\/2020\/03\/IMG_3014-scaled.jpg?resize=1536%2C1152&amp;ssl=1 1536w, https:\/\/i0.wp.com\/famelona.mg\/wp-content\/uploads\/2020\/03\/IMG_3014-scaled.jpg?resize=2048%2C1536&amp;ssl=1 2048w, https:\/\/i0.wp.com\/famelona.mg\/wp-content\/uploads\/2020\/03\/IMG_3014-scaled.jpg?resize=830%2C623&amp;ssl=1 830w, https:\/\/i0.wp.com\/famelona.mg\/wp-content\/uploads\/2020\/03\/IMG_3014-scaled.jpg?resize=230%2C173&amp;ssl=1 230w, https:\/\/i0.wp.com\/famelona.mg\/wp-content\/uploads\/2020\/03\/IMG_3014-scaled.jpg?resize=350%2C263&amp;ssl=1 350w, https:\/\/i0.wp.com\/famelona.mg\/wp-content\/uploads\/2020\/03\/IMG_3014-scaled.jpg?resize=480%2C360&amp;ssl=1 480w, https:\/\/i0.wp.com\/famelona.mg\/wp-content\/uploads\/2020\/03\/IMG_3014-scaled.jpg?w=2340&amp;ssl=1 2340w\" sizes=\"(max-width: 1024px) 100vw, 1024px\" data-recalc-dims=\"1\" \/><\/figure>\n\n\n\n<figure class=\"wp-block-image\"><img decoding=\"async\" width=\"1024\" height=\"768\" src=\"https:\/\/i0.wp.com\/famelona.mg\/wp-content\/uploads\/2019\/05\/DSCN5761.jpg?resize=1024%2C768&#038;ssl=1\" alt=\"\" class=\"wp-image-184\" srcset=\"https:\/\/i0.wp.com\/famelona.mg\/wp-content\/uploads\/2019\/05\/DSCN5761.jpg?resize=1024%2C768&amp;ssl=1 1024w, https:\/\/i0.wp.com\/famelona.mg\/wp-content\/uploads\/2019\/05\/DSCN5761.jpg?resize=300%2C225&amp;ssl=1 300w, https:\/\/i0.wp.com\/famelona.mg\/wp-content\/uploads\/2019\/05\/DSCN5761.jpg?resize=768%2C576&amp;ssl=1 768w, https:\/\/i0.wp.com\/famelona.mg\/wp-content\/uploads\/2019\/05\/DSCN5761.jpg?w=2340&amp;ssl=1 2340w, https:\/\/i0.wp.com\/famelona.mg\/wp-content\/uploads\/2019\/05\/DSCN5761.jpg?w=3510&amp;ssl=1 3510w\" sizes=\"(max-width: 1024px) 100vw, 1024px\" data-recalc-dims=\"1\" \/><\/figure>\n\n\n\n<figure class=\"wp-block-image size-large\"><img decoding=\"async\" width=\"1024\" height=\"768\" src=\"https:\/\/i0.wp.com\/famelona.mg\/wp-content\/uploads\/2020\/03\/IMG_3051.jpg?resize=1024%2C768&#038;ssl=1\" alt=\"\" class=\"wp-image-584\" srcset=\"https:\/\/i0.wp.com\/famelona.mg\/wp-content\/uploads\/2020\/03\/IMG_3051-scaled.jpg?resize=1024%2C768&amp;ssl=1 1024w, https:\/\/i0.wp.com\/famelona.mg\/wp-content\/uploads\/2020\/03\/IMG_3051-scaled.jpg?resize=300%2C225&amp;ssl=1 300w, https:\/\/i0.wp.com\/famelona.mg\/wp-content\/uploads\/2020\/03\/IMG_3051-scaled.jpg?resize=768%2C576&amp;ssl=1 768w, https:\/\/i0.wp.com\/famelona.mg\/wp-content\/uploads\/2020\/03\/IMG_3051-scaled.jpg?resize=1536%2C1152&amp;ssl=1 1536w, https:\/\/i0.wp.com\/famelona.mg\/wp-content\/uploads\/2020\/03\/IMG_3051-scaled.jpg?resize=2048%2C1536&amp;ssl=1 2048w, https:\/\/i0.wp.com\/famelona.mg\/wp-content\/uploads\/2020\/03\/IMG_3051-scaled.jpg?resize=830%2C623&amp;ssl=1 830w, https:\/\/i0.wp.com\/famelona.mg\/wp-content\/uploads\/2020\/03\/IMG_3051-scaled.jpg?resize=230%2C173&amp;ssl=1 230w, https:\/\/i0.wp.com\/famelona.mg\/wp-content\/uploads\/2020\/03\/IMG_3051-scaled.jpg?resize=350%2C263&amp;ssl=1 350w, https:\/\/i0.wp.com\/famelona.mg\/wp-content\/uploads\/2020\/03\/IMG_3051-scaled.jpg?resize=480%2C360&amp;ssl=1 480w, https:\/\/i0.wp.com\/famelona.mg\/wp-content\/uploads\/2020\/03\/IMG_3051-scaled.jpg?w=2340&amp;ssl=1 2340w\" sizes=\"(max-width: 1024px) 100vw, 1024px\" data-recalc-dims=\"1\" \/><\/figure>\n\n\n\n<p>L&rsquo;Association Famelona intervient aussi dans le domaine de la recherche appliqu\u00e9e, notamment dans le cadre des projets de restauration \u00e9cologique au sein des aires prot\u00e9g\u00e9es, les inventaires botaniques et le soutien et encadrement des dipl\u00f4mants en \u00e9cologie de l&rsquo;Universit\u00e9 d&rsquo;Antananarivo<\/p>\n\n\n\n<figure class=\"wp-block-image\"><img decoding=\"async\" width=\"1024\" height=\"768\" src=\"https:\/\/i0.wp.com\/famelona.mg\/wp-content\/uploads\/2019\/05\/IMG_1866.jpg?resize=1024%2C768&#038;ssl=1\" alt=\"\" class=\"wp-image-185\" srcset=\"https:\/\/i0.wp.com\/famelona.mg\/wp-content\/uploads\/2019\/05\/IMG_1866.jpg?resize=1024%2C768&amp;ssl=1 1024w, https:\/\/i0.wp.com\/famelona.mg\/wp-content\/uploads\/2019\/05\/IMG_1866.jpg?resize=300%2C225&amp;ssl=1 300w, https:\/\/i0.wp.com\/famelona.mg\/wp-content\/uploads\/2019\/05\/IMG_1866.jpg?resize=768%2C576&amp;ssl=1 768w, https:\/\/i0.wp.com\/famelona.mg\/wp-content\/uploads\/2019\/05\/IMG_1866.jpg?w=2340&amp;ssl=1 2340w, https:\/\/i0.wp.com\/famelona.mg\/wp-content\/uploads\/2019\/05\/IMG_1866.jpg?w=3510&amp;ssl=1 3510w\" sizes=\"(max-width: 1024px) 100vw, 1024px\" data-recalc-dims=\"1\" \/><\/figure>\n\n\n\n<figure class=\"wp-block-image size-large\"><img decoding=\"async\" width=\"1024\" height=\"768\" src=\"https:\/\/i0.wp.com\/famelona.mg\/wp-content\/uploads\/2020\/03\/IMG_2063.jpg?resize=1024%2C768&#038;ssl=1\" alt=\"\" class=\"wp-image-590\" srcset=\"https:\/\/i0.wp.com\/famelona.mg\/wp-content\/uploads\/2020\/03\/IMG_2063-scaled.jpg?resize=1024%2C768&amp;ssl=1 1024w, https:\/\/i0.wp.com\/famelona.mg\/wp-content\/uploads\/2020\/03\/IMG_2063-scaled.jpg?resize=300%2C225&amp;ssl=1 300w, https:\/\/i0.wp.com\/famelona.mg\/wp-content\/uploads\/2020\/03\/IMG_2063-scaled.jpg?resize=768%2C576&amp;ssl=1 768w, https:\/\/i0.wp.com\/famelona.mg\/wp-content\/uploads\/2020\/03\/IMG_2063-scaled.jpg?resize=1536%2C1152&amp;ssl=1 1536w, https:\/\/i0.wp.com\/famelona.mg\/wp-content\/uploads\/2020\/03\/IMG_2063-scaled.jpg?resize=2048%2C1536&amp;ssl=1 2048w, https:\/\/i0.wp.com\/famelona.mg\/wp-content\/uploads\/2020\/03\/IMG_2063-scaled.jpg?resize=830%2C623&amp;ssl=1 830w, https:\/\/i0.wp.com\/famelona.mg\/wp-content\/uploads\/2020\/03\/IMG_2063-scaled.jpg?resize=230%2C173&amp;ssl=1 230w, https:\/\/i0.wp.com\/famelona.mg\/wp-content\/uploads\/2020\/03\/IMG_2063-scaled.jpg?resize=350%2C263&amp;ssl=1 350w, https:\/\/i0.wp.com\/famelona.mg\/wp-content\/uploads\/2020\/03\/IMG_2063-scaled.jpg?resize=480%2C360&amp;ssl=1 480w, https:\/\/i0.wp.com\/famelona.mg\/wp-content\/uploads\/2020\/03\/IMG_2063-scaled.jpg?w=2340&amp;ssl=1 2340w\" sizes=\"(max-width: 1024px) 100vw, 1024px\" data-recalc-dims=\"1\" \/><\/figure>\n\n\n\n<figure class=\"wp-block-image size-large\"><img decoding=\"async\" width=\"1024\" height=\"768\" src=\"https:\/\/i0.wp.com\/famelona.mg\/wp-content\/uploads\/2020\/03\/IMG_3127.jpg?resize=1024%2C768&#038;ssl=1\" alt=\"\" class=\"wp-image-588\" srcset=\"https:\/\/i0.wp.com\/famelona.mg\/wp-content\/uploads\/2020\/03\/IMG_3127-scaled.jpg?resize=1024%2C768&amp;ssl=1 1024w, https:\/\/i0.wp.com\/famelona.mg\/wp-content\/uploads\/2020\/03\/IMG_3127-scaled.jpg?resize=300%2C225&amp;ssl=1 300w, https:\/\/i0.wp.com\/famelona.mg\/wp-content\/uploads\/2020\/03\/IMG_3127-scaled.jpg?resize=768%2C576&amp;ssl=1 768w, https:\/\/i0.wp.com\/famelona.mg\/wp-content\/uploads\/2020\/03\/IMG_3127-scaled.jpg?resize=1536%2C1152&amp;ssl=1 1536w, https:\/\/i0.wp.com\/famelona.mg\/wp-content\/uploads\/2020\/03\/IMG_3127-scaled.jpg?resize=2048%2C1536&amp;ssl=1 2048w, https:\/\/i0.wp.com\/famelona.mg\/wp-content\/uploads\/2020\/03\/IMG_3127-scaled.jpg?resize=830%2C623&amp;ssl=1 830w, https:\/\/i0.wp.com\/famelona.mg\/wp-content\/uploads\/2020\/03\/IMG_3127-scaled.jpg?resize=230%2C173&amp;ssl=1 230w, https:\/\/i0.wp.com\/famelona.mg\/wp-content\/uploads\/2020\/03\/IMG_3127-scaled.jpg?resize=350%2C263&amp;ssl=1 350w, https:\/\/i0.wp.com\/famelona.mg\/wp-content\/uploads\/2020\/03\/IMG_3127-scaled.jpg?resize=480%2C360&amp;ssl=1 480w, https:\/\/i0.wp.com\/famelona.mg\/wp-content\/uploads\/2020\/03\/IMG_3127-scaled.jpg?w=2340&amp;ssl=1 2340w\" sizes=\"(max-width: 1024px) 100vw, 1024px\" data-recalc-dims=\"1\" \/><\/figure>\n\n\n<p><!--EndFragment--><\/p>\n<p><\/p>\n\n\n<figure class=\"wp-block-embed-youtube wp-block-embed is-type-video is-provider-youtube wp-embed-aspect-16-9 wp-has-aspect-ratio\"><div class=\"wp-block-embed__wrapper\">\n<iframe loading=\"lazy\" title=\"Extrait JT TVM - FORMATION LEADERSHIP ET PLAIDOYER FAMELONA\" width=\"1170\" height=\"658\" src=\"https:\/\/www.youtube.com\/embed\/K_ckf1kac-I?feature=oembed\" frameborder=\"0\" allow=\"accelerometer; autoplay; encrypted-media; gyroscope; picture-in-picture\" allowfullscreen><\/iframe>\n<\/div><\/figure>\n","protected":false},"excerpt":{"rendered":"<p>L\u2019Association Famelona s\u2019est depuis toujours investie dans la formation et le partage de connaissances sur la conservation et la valorisation des ressources [&hellip;]<\/p>\n","protected":false},"author":1,"featured_media":0,"parent":0,"menu_order":0,"comment_status":"closed","ping_status":"closed","template":"","meta":{"advgb_blocks_editor_width":"","advgb_blocks_columns_visual_guide":"","episode_type":"","audio_file":"","cover_image":"","cover_image_id":"","duration":"","filesize":"","date_recorded":"","explicit":"","block":"","filesize_raw":"","footnotes":""},"aioseo_notices":[],"coauthors":[],"author_meta":{"author_link":"https:\/\/famelona.mg\/?author=1","display_name":"Association Famelona"},"relative_dates":{"created":"Publi\u00e9 7 ans il y a","modified":"Mis \u00e0 jour 6 ans il y a"},"absolute_dates":{"created":"Publi\u00e9 le 11 juin 2019","modified":"Mise \u00e0 jour le 5 novembre 2020"},"absolute_dates_time":{"created":"Publi\u00e9 le 11 juin 2019 15 h 58 min","modified":"Mise \u00e0 jour le 5 novembre 2020 8 h 17 min"},"featured_img_caption":"","featured_img":false,"series_order":"","jetpack_likes_enabled":true,"jetpack_sharing_enabled":true,"_links":{"self":[{"href":"https:\/\/famelona.mg\/index.php?rest_route=\/wp\/v2\/pages\/232"}],"collection":[{"href":"https:\/\/famelona.mg\/index.php?rest_route=\/wp\/v2\/pages"}],"about":[{"href":"https:\/\/famelona.mg\/index.php?rest_route=\/wp\/v2\/types\/page"}],"author":[{"embeddable":true,"href":"https:\/\/famelona.mg\/index.php?rest_route=\/wp\/v2\/users\/1"}],"replies":[{"embeddable":true,"href":"https:\/\/famelona.mg\/index.php?rest_route=%2Fwp%2Fv2%2Fcomments&post=232"}],"version-history":[{"count":8,"href":"https:\/\/famelona.mg\/index.php?rest_route=\/wp\/v2\/pages\/232\/revisions"}],"predecessor-version":[{"id":693,"href":"https:\/\/famelona.mg\/index.php?rest_route=\/wp\/v2\/pages\/232\/revisions\/693"}],"wp:attachment":[{"href":"https:\/\/famelona.mg\/index.php?rest_route=%2Fwp%2Fv2%2Fmedia&parent=232"}],"curies":[{"name":"wp","href":"https:\/\/api.w.org\/{rel}","templated":true}]}}