{"id":301,"date":"2019-09-09T10:59:36","date_gmt":"2019-09-09T08:59:36","guid":{"rendered":"http:\/\/famelona.mg\/?page_id=301"},"modified":"2025-05-08T10:47:15","modified_gmt":"2025-05-08T08:47:15","slug":"multimedia","status":"publish","type":"page","link":"https:\/\/famelona.mg\/?page_id=301","title":{"rendered":"Multimedia"},"content":{"rendered":"\n<h4 class=\"wp-block-heading\">Ecoutez nos \u00e9missions radio<\/h4>\n\n\n\n<figure class=\"wp-block-audio\"><audio controls src=\"https:\/\/drive.google.com\/uc?export=download&amp;id=13ZjwvDChGiV2DV7Jjv89bymSSC9u-SR5\"><\/audio><\/figure>\n\n\n\n<p>Emission du 07 Janvier 2025<\/p>\n\n\n\n<hr class=\"wp-block-separator has-alpha-channel-opacity\"\/>\n\n\n\n<figure class=\"wp-block-audio\"><audio controls src=\"blob:https:\/\/famelona.mg\/685c4770-67f4-4086-9b37-19c96ff2b742\"><\/audio><figcaption class=\"wp-element-caption\">Emission du 11 f\u00e9vrier 2020<\/figcaption><\/figure>\n\n\n\n<figure class=\"wp-block-audio\"><audio controls src=\"blob:https:\/\/famelona.mg\/95ecd68d-bf56-46fd-90a1-da82bc713455\"><\/audio><figcaption class=\"wp-element-caption\">Emission du 04 f\u00e9vrier 2020<\/figcaption><\/figure>\n\n\n\n<figure class=\"wp-block-audio aligncenter\"><audio controls src=\"https:\/\/famelona.mg\/wp-content\/uploads\/2019\/09\/EMISSION-FAMELONA-CE-08-JENVIER-2019-Radio-Nosy-Manitra.mp3\"><\/audio><figcaption class=\"wp-element-caption\">Emission du 08 Janvier 2019<\/figcaption><\/figure>\n\n\n\n<figure class=\"wp-block-audio aligncenter\"><audio controls src=\"https:\/\/famelona.mg\/wp-content\/uploads\/2019\/09\/EMISSION-FAMELONA-CE-22-01-2019-RADIO-RURALE.mp3\"><\/audio><figcaption class=\"wp-element-caption\">Emission du 22 janvier 2019<\/figcaption><\/figure>\n\n\n\n<figure class=\"wp-block-audio aligncenter\"><audio controls src=\"https:\/\/famelona.mg\/wp-content\/uploads\/2019\/09\/EMISSION-FAMELONA-CE-29-01-2019-RADIO-NOSY-MAGNITRY.mp3\"><\/audio><figcaption class=\"wp-element-caption\">Emission du 29 janvier 2019<\/figcaption><\/figure>\n\n\n\n<figure class=\"wp-block-audio alignwide\"><audio controls src=\"https:\/\/famelona.mg\/wp-content\/uploads\/2019\/09\/EMISSION-FAMELOGNO-CE-05-FEVRIER-2019.mp3\"><\/audio><figcaption class=\"wp-element-caption\">Emission du 05 f\u00e9vrier 2019<\/figcaption><\/figure>\n\n\n\n<figure class=\"wp-block-audio alignwide\"><audio controls src=\"https:\/\/famelona.mg\/wp-content\/uploads\/2019\/09\/EMISSION-FAMELONA-CE-12-FEVRIER-2019-.mp3\"><\/audio><figcaption class=\"wp-element-caption\">Emission du 12 f\u00e9vrier 2019<\/figcaption><\/figure>\n\n\n\n<figure class=\"wp-block-audio alignwide\"><audio controls src=\"https:\/\/famelona.mg\/wp-content\/uploads\/2019\/09\/EMISSION-FAMELONA-CE-26-FEVRIER-2019-.mp3\"><\/audio><figcaption class=\"wp-element-caption\">Emission du 26 f\u00e9vrier 2019<\/figcaption><\/figure>\n\n\n\n<figure class=\"wp-block-audio\"><audio controls src=\"blob:https:\/\/famelona.mg\/e9116316-4fdc-45a1-8a17-d48d7f64f9ef\"><\/audio><figcaption class=\"wp-element-caption\">Emission du 26 Mars 2019<\/figcaption><\/figure>\n\n\n\n<figure class=\"wp-block-audio\"><audio controls src=\"blob:https:\/\/famelona.mg\/ecc58832-464f-43a7-95d6-0fe013561345\"><\/audio><figcaption class=\"wp-element-caption\">Emission du 16 Avril 2019<\/figcaption><\/figure>\n\n\n\n<figure class=\"wp-block-audio\"><audio controls src=\"https:\/\/famelona.mg\/wp-content\/uploads\/2020\/02\/EMISSION-FAMELONA-CE-30-AVRIL-2019.mp3\"><\/audio><figcaption class=\"wp-element-caption\">Emission du 30 Avril 2019<\/figcaption><\/figure>\n\n\n\n<hr class=\"wp-block-separator has-css-opacity\"\/>\n\n\n\n<figure class=\"wp-block-audio\"><audio controls src=\"https:\/\/famelona.mg\/wp-content\/uploads\/2020\/02\/EMISSION-FAMELONA-CE-07-MAI-2019-1.mp3\"><\/audio><figcaption class=\"wp-element-caption\">Emission du 07 Mai 2019<\/figcaption><\/figure>\n\n\n\n<figure class=\"wp-block-audio\"><audio controls src=\"https:\/\/famelona.mg\/wp-content\/uploads\/2020\/02\/EMISSION-FAMELONA-DU-18-JUIN-2019-1.mp3\"><\/audio><figcaption class=\"wp-element-caption\">Emission du 18 Juin 2019 <\/figcaption><\/figure>\n\n\n\n<figure class=\"wp-block-audio\"><audio controls src=\"https:\/\/famelona.mg\/wp-content\/uploads\/2020\/02\/EMISSION-FAMELONA-DU-02-JUILLET-2019.mp3\"><\/audio><figcaption class=\"wp-element-caption\">Emission du 02 Juillet 2019<\/figcaption><\/figure>\n\n\n\n<figure class=\"wp-block-audio\"><audio controls src=\"https:\/\/famelona.mg\/wp-content\/uploads\/2020\/02\/EMISSION-FAMELOGNO-DU-30-JUILLET-2019.mp3\"><\/audio><figcaption class=\"wp-element-caption\">Emission du 30 Juillet 2019<\/figcaption><\/figure>\n\n\n\n<figure class=\"wp-block-audio\"><audio controls src=\"https:\/\/famelona.mg\/wp-content\/uploads\/2020\/02\/EMISSION-FAMELOGNO-DU-06-AOUT-2019.mp3\"><\/audio><figcaption class=\"wp-element-caption\">Emission du 06 Aout 2019<\/figcaption><\/figure>\n\n\n\n<figure class=\"wp-block-audio\"><audio controls src=\"https:\/\/famelona.mg\/wp-content\/uploads\/2020\/02\/EMISSION-FAMELOGNO-DU-13-AOUT-2019.mp3\"><\/audio><figcaption class=\"wp-element-caption\">Emission du 13 Aout 2019<\/figcaption><\/figure>\n\n\n\n<figure class=\"wp-block-audio\"><audio controls src=\"https:\/\/famelona.mg\/wp-content\/uploads\/2020\/02\/EMISSION-FAMELOGNO-DU-03-SEPTEMBRE-2019.mp3\"><\/audio><figcaption class=\"wp-element-caption\">Emission du 03 septembre 2019<\/figcaption><\/figure>\n\n\n\n<figure class=\"wp-block-audio\"><audio controls src=\"https:\/\/famelona.mg\/wp-content\/uploads\/2020\/02\/EMISSION-FAMELOGNO-DU-10-SEPTEMBRE-2019.mp3\"><\/audio><figcaption class=\"wp-element-caption\">Emission du 10 septembre 2019<\/figcaption><\/figure>\n\n\n\n<figure class=\"wp-block-audio\"><audio controls src=\"https:\/\/famelona.mg\/wp-content\/uploads\/2020\/02\/EMISSION-FAMELOGNO-DU-29-OCTOBRE-2019.mp3\"><\/audio><figcaption class=\"wp-element-caption\">Emission du 29 octobre 2019<\/figcaption><\/figure>\n\n\n\n<figure class=\"wp-block-audio\"><audio controls src=\"https:\/\/famelona.mg\/wp-content\/uploads\/2020\/02\/EMISSION-FAMELOGNO-DU-05-N0VEMBRE-2019.mp3\"><\/audio><figcaption class=\"wp-element-caption\">Emission du 05 Novembre 2019<\/figcaption><\/figure>\n\n\n\n<h4 class=\"wp-block-heading\">Vid\u00e9os<\/h4>\n\n\n\n<iframe loading=\"lazy\" width=\"560\" height=\"315\" src=\"https:\/\/www.youtube.com\/embed\/XovlhFVTSBE\" frameborder=\"0\" allow=\"accelerometer; autoplay; encrypted-media; gyroscope; picture-in-picture\" allowfullscreen=\"\"><\/iframe>\n\n\n\n<hr class=\"wp-block-separator has-css-opacity\"\/>\n\n\n\n<iframe loading=\"lazy\" width=\"560\" height=\"315\" src=\"https:\/\/www.youtube.com\/embed\/6-V_FW6g1vs\" frameborder=\"0\" allow=\"accelerometer; autoplay; encrypted-media; gyroscope; picture-in-picture\" allowfullscreen=\"\"><\/iframe>\n\n\n\n<hr class=\"wp-block-separator has-css-opacity\"\/>\n\n\n\n<iframe loading=\"lazy\" width=\"560\" height=\"315\" src=\"https:\/\/www.youtube.com\/embed\/lkkmg0UKu48\" frameborder=\"0\" allow=\"accelerometer; autoplay; encrypted-media; gyroscope; picture-in-picture\" allowfullscreen=\"\"><\/iframe>\n\n\n\n<hr class=\"wp-block-separator has-css-opacity\"\/>\n\n\n\n<iframe loading=\"lazy\" width=\"560\" height=\"315\" src=\"https:\/\/www.youtube.com\/embed\/K_ckf1kac-I\" frameborder=\"0\" allow=\"accelerometer; autoplay; encrypted-media; gyroscope; picture-in-picture\" allowfullscreen=\"\"><\/iframe>\n\n\n\n<hr class=\"wp-block-separator has-css-opacity\"\/>\n\n\n\n<h4 class=\"wp-block-heading\">T\u00e9lechargez nos brochures<\/h4>\n\n\n\n<div class=\"wp-block-file\"><a href=\"https:\/\/famelona.mg\/wp-content\/uploads\/2019\/09\/Brochure-Centre-transformation.pdf\">Brochure Centre transformation<\/a><a href=\"https:\/\/famelona.mg\/wp-content\/uploads\/2019\/09\/Brochure-Centre-transformation.pdf\" class=\"wp-block-file__button wp-element-button\" download>T\u00e9l\u00e9charger<\/a><\/div>\n\n\n\n<div class=\"wp-block-file\"><a href=\"https:\/\/famelona.mg\/wp-content\/uploads\/2019\/09\/Brochure-CIDV-Ampasindava.pdf\">Brochure-CIDV-Ampasindava<\/a><a href=\"https:\/\/famelona.mg\/wp-content\/uploads\/2019\/09\/Brochure-CIDV-Ampasindava.pdf\" class=\"wp-block-file__button wp-element-button\" download>T\u00e9l\u00e9charger<\/a><\/div>\n\n\n\n<div class=\"wp-block-file\"><a href=\"https:\/\/famelona.mg\/wp-content\/uploads\/2019\/09\/Brochure-famelona.pdf\">Brochure Association famelona<\/a><a href=\"https:\/\/famelona.mg\/wp-content\/uploads\/2019\/09\/Brochure-famelona.pdf\" class=\"wp-block-file__button wp-element-button\" download>T\u00e9l\u00e9charger<\/a><\/div>\n\n\n\n<h4 class=\"wp-block-heading\">T\u00e9l\u00e9chargez notre newsletter<\/h4>\n\n\n\n<div class=\"wp-block-file\"><a href=\"https:\/\/famelona.mg\/wp-content\/uploads\/2019\/11\/Num\u00e9ro-zero.pdf\">SAMBIRANO MARESAKA Num\u00e9ro-zero<\/a><a href=\"https:\/\/famelona.mg\/wp-content\/uploads\/2019\/11\/Num\u00e9ro-zero.pdf\" class=\"wp-block-file__button wp-element-button\" download>T\u00e9l\u00e9charger<\/a><\/div>\n\n\n\n<div class=\"wp-block-file\"><a href=\"https:\/\/famelona.mg\/wp-content\/uploads\/2020\/01\/SAMBIRANO-MARESAKA-1.pdf\">SAMBIRANO MARESAKA Num\u00e9ro 1<\/a><a href=\"https:\/\/famelona.mg\/wp-content\/uploads\/2020\/01\/SAMBIRANO-MARESAKA-1.pdf\" class=\"wp-block-file__button wp-element-button\" download>T\u00e9l\u00e9charger<\/a><\/div>\n\n\n\n<div class=\"wp-block-file\"><a href=\"https:\/\/famelona.mg\/wp-content\/uploads\/2020\/05\/sambirano-maresaka-2.pdf\">SAMBIRANO MARESAKA Num\u00e9ro 2<\/a><a href=\"https:\/\/famelona.mg\/wp-content\/uploads\/2020\/05\/sambirano-maresaka-2.pdf\" class=\"wp-block-file__button wp-element-button\" download>T\u00e9l\u00e9charger<\/a><\/div>\n\n\n\n<div class=\"wp-block-file\"><a href=\"https:\/\/famelona.mg\/wp-content\/uploads\/2020\/09\/sambirano-maresaka-3.pdf\">SAMBIRANO MARESAKA Num\u00e9ro 3<\/a><a href=\"https:\/\/famelona.mg\/wp-content\/uploads\/2020\/09\/sambirano-maresaka-3.pdf\" class=\"wp-block-file__button wp-element-button\" download>T\u00e9l\u00e9charger<\/a><\/div>\n\n\n\n<div data-wp-interactive=\"core\/file\" class=\"wp-block-file\"><object data-wp-bind--hidden=\"!state.hasPdfPreview\"  class=\"wp-block-file__embed\" data=\"https:\/\/famelona.mg\/wp-content\/uploads\/2025\/03\/Sambirano-Maresaka-Janvier-2025_compressed.pdf\" type=\"application\/pdf\" style=\"width:100%;height:600px\" aria-label=\"Contenu embarqu\u00e9 Sambirano Maresaka Janvier 2025_N\u00b0008.\"><\/object><a id=\"wp-block-file--media-6bcda35f-166e-4e47-b6f6-4512c6f73e04\" href=\"https:\/\/famelona.mg\/wp-content\/uploads\/2025\/03\/Sambirano-Maresaka-Janvier-2025_compressed.pdf\">Sambirano Maresaka Janvier 2025_N\u00b0008<\/a><a href=\"https:\/\/famelona.mg\/wp-content\/uploads\/2025\/03\/Sambirano-Maresaka-Janvier-2025_compressed.pdf\" class=\"wp-block-file__button wp-element-button\" download aria-describedby=\"wp-block-file--media-6bcda35f-166e-4e47-b6f6-4512c6f73e04\">T\u00e9l\u00e9charger<\/a><\/div>\n\n\n\n<div data-wp-interactive=\"core\/file\" class=\"wp-block-file\"><object data-wp-bind--hidden=\"!state.hasPdfPreview\"  class=\"wp-block-file__embed\" data=\"https:\/\/famelona.mg\/wp-content\/uploads\/2025\/05\/SM-Mars-2025-N\u00b0009_compressed.pdf\" type=\"application\/pdf\" style=\"width:100%;height:600px\" aria-label=\"Contenu embarqu\u00e9 SM Mars 2025 N\u00b0009_compressed.\"><\/object><a id=\"wp-block-file--media-ec7a8470-5451-4ef6-857b-6c57a7abb784\" href=\"https:\/\/famelona.mg\/wp-content\/uploads\/2025\/05\/SM-Mars-2025-N\u00b0009_compressed.pdf\">SM Mars 2025 N\u00b0009_compressed<\/a><a href=\"https:\/\/famelona.mg\/wp-content\/uploads\/2025\/05\/SM-Mars-2025-N\u00b0009_compressed.pdf\" class=\"wp-block-file__button wp-element-button\" download aria-describedby=\"wp-block-file--media-ec7a8470-5451-4ef6-857b-6c57a7abb784\">T\u00e9l\u00e9charger<\/a><\/div>\n\n\n\n<div class=\"_df_book df-lite\" id=\"df_675\"  _slug=\"sambirano-maresaka-aout\" data-title=\"sambirano-maresaka-aout\" wpoptions=\"true\" thumbtype=\"\" ><\/div><script class=\"df-shortcode-script\" nowprocket type=\"application\/javascript\">window.option_df_675 = {\"webgl\":\"false\",\"outline\":[],\"backgroundColor\":\"#FFFFFF\",\"autoEnableOutline\":\"false\",\"autoEnableThumbnail\":\"false\",\"overwritePDFOutline\":\"false\",\"enableDownload\":\"true\",\"direction\":\"1\",\"pageSize\":\"0\",\"pageMode\":\"0\",\"source\":\"http:\\\/\\\/famelona.mg\\\/wp-content\\\/uploads\\\/2020\\\/09\\\/sambirano-maresaka-3.pdf\",\"wpOptions\":\"true\"}; if(window.DFLIP && window.DFLIP.parseBooks){window.DFLIP.parseBooks();}<\/script>\n\n\n\n<h4 class=\"wp-block-heading\">Consultez la newsletter \u00ab\u00a0PIRO\u00a0\u00bb du centre de presse du Sambirano<\/h4>\n\n\n\n<figure class=\"wp-block-image size-large\"><img decoding=\"async\" width=\"724\" height=\"1024\" src=\"https:\/\/i0.wp.com\/famelona.mg\/wp-content\/uploads\/2020\/04\/NEWSLETTER-PIRO-Dec.jpg?resize=724%2C1024&#038;ssl=1\" alt=\"PIRO DECEMBRE\" class=\"wp-image-594\" srcset=\"https:\/\/i0.wp.com\/famelona.mg\/wp-content\/uploads\/2020\/04\/NEWSLETTER-PIRO-Dec.jpg?resize=724%2C1024&amp;ssl=1 724w, https:\/\/i0.wp.com\/famelona.mg\/wp-content\/uploads\/2020\/04\/NEWSLETTER-PIRO-Dec.jpg?resize=212%2C300&amp;ssl=1 212w, https:\/\/i0.wp.com\/famelona.mg\/wp-content\/uploads\/2020\/04\/NEWSLETTER-PIRO-Dec.jpg?resize=768%2C1086&amp;ssl=1 768w, https:\/\/i0.wp.com\/famelona.mg\/wp-content\/uploads\/2020\/04\/NEWSLETTER-PIRO-Dec.jpg?resize=1086%2C1536&amp;ssl=1 1086w, https:\/\/i0.wp.com\/famelona.mg\/wp-content\/uploads\/2020\/04\/NEWSLETTER-PIRO-Dec.jpg?resize=830%2C1174&amp;ssl=1 830w, https:\/\/i0.wp.com\/famelona.mg\/wp-content\/uploads\/2020\/04\/NEWSLETTER-PIRO-Dec.jpg?resize=230%2C325&amp;ssl=1 230w, https:\/\/i0.wp.com\/famelona.mg\/wp-content\/uploads\/2020\/04\/NEWSLETTER-PIRO-Dec.jpg?resize=350%2C495&amp;ssl=1 350w, https:\/\/i0.wp.com\/famelona.mg\/wp-content\/uploads\/2020\/04\/NEWSLETTER-PIRO-Dec.jpg?resize=480%2C679&amp;ssl=1 480w, https:\/\/i0.wp.com\/famelona.mg\/wp-content\/uploads\/2020\/04\/NEWSLETTER-PIRO-Dec.jpg?w=1240&amp;ssl=1 1240w\" sizes=\"(max-width: 724px) 100vw, 724px\" data-recalc-dims=\"1\" \/><figcaption class=\"wp-element-caption\">PIRO &#8211; D\u00e9cembre<\/figcaption><\/figure>\n\n\n\n<figure class=\"wp-block-image size-large\"><img decoding=\"async\" width=\"724\" height=\"1024\" src=\"https:\/\/i0.wp.com\/famelona.mg\/wp-content\/uploads\/2020\/04\/NEWSLETTER-PIRO-Jan.jpg?resize=724%2C1024&#038;ssl=1\" alt=\"piro janvier\" class=\"wp-image-595\" srcset=\"https:\/\/i0.wp.com\/famelona.mg\/wp-content\/uploads\/2020\/04\/NEWSLETTER-PIRO-Jan.jpg?resize=724%2C1024&amp;ssl=1 724w, https:\/\/i0.wp.com\/famelona.mg\/wp-content\/uploads\/2020\/04\/NEWSLETTER-PIRO-Jan.jpg?resize=212%2C300&amp;ssl=1 212w, https:\/\/i0.wp.com\/famelona.mg\/wp-content\/uploads\/2020\/04\/NEWSLETTER-PIRO-Jan.jpg?resize=768%2C1086&amp;ssl=1 768w, https:\/\/i0.wp.com\/famelona.mg\/wp-content\/uploads\/2020\/04\/NEWSLETTER-PIRO-Jan.jpg?resize=1086%2C1536&amp;ssl=1 1086w, https:\/\/i0.wp.com\/famelona.mg\/wp-content\/uploads\/2020\/04\/NEWSLETTER-PIRO-Jan.jpg?resize=830%2C1174&amp;ssl=1 830w, https:\/\/i0.wp.com\/famelona.mg\/wp-content\/uploads\/2020\/04\/NEWSLETTER-PIRO-Jan.jpg?resize=230%2C325&amp;ssl=1 230w, https:\/\/i0.wp.com\/famelona.mg\/wp-content\/uploads\/2020\/04\/NEWSLETTER-PIRO-Jan.jpg?resize=350%2C495&amp;ssl=1 350w, https:\/\/i0.wp.com\/famelona.mg\/wp-content\/uploads\/2020\/04\/NEWSLETTER-PIRO-Jan.jpg?resize=480%2C679&amp;ssl=1 480w, https:\/\/i0.wp.com\/famelona.mg\/wp-content\/uploads\/2020\/04\/NEWSLETTER-PIRO-Jan.jpg?w=1240&amp;ssl=1 1240w\" sizes=\"(max-width: 724px) 100vw, 724px\" data-recalc-dims=\"1\" \/><figcaption class=\"wp-element-caption\">PIRO &#8211; Janvier<\/figcaption><\/figure>\n\n\n\n<div class=\"wp-block-group\"><div class=\"wp-block-group__inner-container is-layout-flow wp-block-group-is-layout-flow\">\n<figure class=\"wp-block-image size-large\"><img decoding=\"async\" width=\"724\" height=\"1024\" src=\"https:\/\/i0.wp.com\/famelona.mg\/wp-content\/uploads\/2020\/04\/NEWSLETTER-PIRO-Fev.jpg?resize=724%2C1024&#038;ssl=1\" alt=\"piro fevrier\" class=\"wp-image-600\" srcset=\"https:\/\/i0.wp.com\/famelona.mg\/wp-content\/uploads\/2020\/04\/NEWSLETTER-PIRO-Fev.jpg?resize=724%2C1024&amp;ssl=1 724w, https:\/\/i0.wp.com\/famelona.mg\/wp-content\/uploads\/2020\/04\/NEWSLETTER-PIRO-Fev.jpg?resize=212%2C300&amp;ssl=1 212w, https:\/\/i0.wp.com\/famelona.mg\/wp-content\/uploads\/2020\/04\/NEWSLETTER-PIRO-Fev.jpg?resize=768%2C1086&amp;ssl=1 768w, https:\/\/i0.wp.com\/famelona.mg\/wp-content\/uploads\/2020\/04\/NEWSLETTER-PIRO-Fev.jpg?resize=1086%2C1536&amp;ssl=1 1086w, https:\/\/i0.wp.com\/famelona.mg\/wp-content\/uploads\/2020\/04\/NEWSLETTER-PIRO-Fev.jpg?resize=830%2C1174&amp;ssl=1 830w, https:\/\/i0.wp.com\/famelona.mg\/wp-content\/uploads\/2020\/04\/NEWSLETTER-PIRO-Fev.jpg?resize=230%2C325&amp;ssl=1 230w, https:\/\/i0.wp.com\/famelona.mg\/wp-content\/uploads\/2020\/04\/NEWSLETTER-PIRO-Fev.jpg?resize=350%2C495&amp;ssl=1 350w, https:\/\/i0.wp.com\/famelona.mg\/wp-content\/uploads\/2020\/04\/NEWSLETTER-PIRO-Fev.jpg?resize=480%2C679&amp;ssl=1 480w, https:\/\/i0.wp.com\/famelona.mg\/wp-content\/uploads\/2020\/04\/NEWSLETTER-PIRO-Fev.jpg?w=1240&amp;ssl=1 1240w\" sizes=\"(max-width: 724px) 100vw, 724px\" data-recalc-dims=\"1\" \/><\/figure>\n\n\n\n<figure class=\"wp-block-image size-large\"><img decoding=\"async\" width=\"724\" height=\"1024\" src=\"https:\/\/i0.wp.com\/famelona.mg\/wp-content\/uploads\/2020\/04\/NEWSLETTER-PIRO-Fev-1.jpg?resize=724%2C1024&#038;ssl=1\" alt=\"Piro Fevrier 2\" class=\"wp-image-602\" srcset=\"https:\/\/i0.wp.com\/famelona.mg\/wp-content\/uploads\/2020\/04\/NEWSLETTER-PIRO-Fev-1.jpg?resize=724%2C1024&amp;ssl=1 724w, https:\/\/i0.wp.com\/famelona.mg\/wp-content\/uploads\/2020\/04\/NEWSLETTER-PIRO-Fev-1.jpg?resize=212%2C300&amp;ssl=1 212w, https:\/\/i0.wp.com\/famelona.mg\/wp-content\/uploads\/2020\/04\/NEWSLETTER-PIRO-Fev-1.jpg?resize=768%2C1086&amp;ssl=1 768w, https:\/\/i0.wp.com\/famelona.mg\/wp-content\/uploads\/2020\/04\/NEWSLETTER-PIRO-Fev-1.jpg?resize=1086%2C1536&amp;ssl=1 1086w, https:\/\/i0.wp.com\/famelona.mg\/wp-content\/uploads\/2020\/04\/NEWSLETTER-PIRO-Fev-1.jpg?resize=830%2C1174&amp;ssl=1 830w, https:\/\/i0.wp.com\/famelona.mg\/wp-content\/uploads\/2020\/04\/NEWSLETTER-PIRO-Fev-1.jpg?resize=230%2C325&amp;ssl=1 230w, https:\/\/i0.wp.com\/famelona.mg\/wp-content\/uploads\/2020\/04\/NEWSLETTER-PIRO-Fev-1.jpg?resize=350%2C495&amp;ssl=1 350w, https:\/\/i0.wp.com\/famelona.mg\/wp-content\/uploads\/2020\/04\/NEWSLETTER-PIRO-Fev-1.jpg?resize=480%2C679&amp;ssl=1 480w, https:\/\/i0.wp.com\/famelona.mg\/wp-content\/uploads\/2020\/04\/NEWSLETTER-PIRO-Fev-1.jpg?w=1240&amp;ssl=1 1240w\" sizes=\"(max-width: 724px) 100vw, 724px\" data-recalc-dims=\"1\" \/><figcaption class=\"wp-element-caption\">PIRO &#8211; FEVRIER<\/figcaption><\/figure>\n<\/div><\/div>\n","protected":false},"excerpt":{"rendered":"<p>Ecoutez nos \u00e9missions radio Emission du 07 Janvier 2025 Vid\u00e9os T\u00e9lechargez nos brochures T\u00e9l\u00e9chargez notre newsletter Consultez la newsletter \u00ab\u00a0PIRO\u00a0\u00bb du centre [&hellip;]<\/p>\n","protected":false},"author":1,"featured_media":8,"parent":0,"menu_order":0,"comment_status":"closed","ping_status":"closed","template":"","meta":{"advgb_blocks_editor_width":"","advgb_blocks_columns_visual_guide":"","episode_type":"","audio_file":"","cover_image":"","cover_image_id":"","duration":"","filesize":"","date_recorded":"","explicit":"","block":"","filesize_raw":"","footnotes":""},"aioseo_notices":[],"coauthors":[],"author_meta":{"author_link":"https:\/\/famelona.mg\/?author=1","display_name":"Association Famelona"},"relative_dates":{"created":"Publi\u00e9 7 ans il y a","modified":"Mis \u00e0 jour 12 mois il y a"},"absolute_dates":{"created":"Publi\u00e9 le 9 septembre 2019","modified":"Mise \u00e0 jour le 8 mai 2025"},"absolute_dates_time":{"created":"Publi\u00e9 le 9 septembre 2019 10 h 59 min","modified":"Mise \u00e0 jour le 8 mai 2025 10 h 47 min"},"featured_img_caption":"logo Association famelona","featured_img":"https:\/\/famelona.mg\/wp-content\/uploads\/2019\/05\/PNG-TRANSP.png","series_order":"","jetpack_likes_enabled":true,"jetpack_sharing_enabled":true,"_links":{"self":[{"href":"https:\/\/famelona.mg\/index.php?rest_route=\/wp\/v2\/pages\/301"}],"collection":[{"href":"https:\/\/famelona.mg\/index.php?rest_route=\/wp\/v2\/pages"}],"about":[{"href":"https:\/\/famelona.mg\/index.php?rest_route=\/wp\/v2\/types\/page"}],"author":[{"embeddable":true,"href":"https:\/\/famelona.mg\/index.php?rest_route=\/wp\/v2\/users\/1"}],"replies":[{"embeddable":true,"href":"https:\/\/famelona.mg\/index.php?rest_route=%2Fwp%2Fv2%2Fcomments&post=301"}],"version-history":[{"count":37,"href":"https:\/\/famelona.mg\/index.php?rest_route=\/wp\/v2\/pages\/301\/revisions"}],"predecessor-version":[{"id":1374,"href":"https:\/\/famelona.mg\/index.php?rest_route=\/wp\/v2\/pages\/301\/revisions\/1374"}],"wp:featuredmedia":[{"embeddable":true,"href":"https:\/\/famelona.mg\/index.php?rest_route=\/wp\/v2\/media\/8"}],"wp:attachment":[{"href":"https:\/\/famelona.mg\/index.php?rest_route=%2Fwp%2Fv2%2Fmedia&parent=301"}],"curies":[{"name":"wp","href":"https:\/\/api.w.org\/{rel}","templated":true}]}}