{"id":686,"date":"2020-10-28T09:00:58","date_gmt":"2020-10-28T08:00:58","guid":{"rendered":"http:\/\/famelona.mg\/?page_id=686"},"modified":"2026-03-09T12:32:57","modified_gmt":"2026-03-09T11:32:57","slug":"sambirano-maresaka","status":"publish","type":"page","link":"https:\/\/famelona.mg\/?page_id=686","title":{"rendered":"Sambirano Maresaka"},"content":{"rendered":"\n<p>Vous pouvez lire notre newsletter Sambirano Maresaka ici<\/p>\n\n\n\n<p><em>Sambirano Maresaka_Revue annuelle de l&rsquo;ann\u00e9e 2025_N\u00b0012<\/em><\/p>\n\n\n\n<div class=\"_df_book df-lite\" id=\"df_1694\"  _slug=\"sambirano-maresaka_revue-annuelle-de-lannee-2025_n012\" data-title=\"sambirano-maresaka_revue-annuelle-de-lannee-2025_n012\" wpoptions=\"true\" thumb=\"https:\/\/famelona.mg\/wp-content\/uploads\/2026\/03\/Sambirano-Maresaka-Revue-Annuelle-2025-N\u00b0012.pdf.jpg\" thumbtype=\"\" ><\/div><script class=\"df-shortcode-script\" nowprocket type=\"application\/javascript\">window.option_df_1694 = {\"outline\":[],\"autoEnableOutline\":\"false\",\"autoEnableThumbnail\":\"false\",\"overwritePDFOutline\":\"false\",\"direction\":\"1\",\"pageSize\":\"0\",\"source\":\"https:\\\/\\\/famelona.mg\\\/wp-content\\\/uploads\\\/2026\\\/03\\\/Sambirano-Maresaka-Revue-Annuelle-2025-N\\u00b0012.pdf_compressed.pdf\",\"wpOptions\":\"true\"}; if(window.DFLIP && window.DFLIP.parseBooks){window.DFLIP.parseBooks();}<\/script>\n\n\n\n<p><em>Sambirano Maresaka_Septembre 2025_N\u00b0011<\/em><\/p>\n\n\n\n<div class=\"_df_book df-lite\" id=\"df_1473\"  _slug=\"sambirano-maresaka-n011-septembre-2025\" data-title=\"sambirano-maresaka-n011-septembre-2025\" wpoptions=\"true\" thumbtype=\"\" ><\/div><script class=\"df-shortcode-script\" nowprocket type=\"application\/javascript\">window.option_df_1473 = {\"outline\":[],\"autoEnableOutline\":\"false\",\"autoEnableThumbnail\":\"false\",\"overwritePDFOutline\":\"false\",\"direction\":\"1\",\"pageSize\":\"0\",\"source\":\"https:\\\/\\\/famelona.mg\\\/wp-content\\\/uploads\\\/2025\\\/10\\\/Sambirano-Maresaka-N\\u00b0011-Septembre-2025.pdf\",\"wpOptions\":\"true\"}; if(window.DFLIP && window.DFLIP.parseBooks){window.DFLIP.parseBooks();}<\/script>\n\n\n\n<p><em>Sambirano Maresaka_Juin 2025_N\u00b0010<\/em><\/p>\n\n\n\n<div class=\"_df_book df-lite\" id=\"df_1445\"  _slug=\"1445\" data-title=\"sambirano-maresaka-n010_juin-2025\" wpoptions=\"true\" thumbtype=\"\" ><\/div><script class=\"df-shortcode-script\" nowprocket type=\"application\/javascript\">window.option_df_1445 = {\"outline\":[],\"autoEnableOutline\":\"false\",\"autoEnableThumbnail\":\"false\",\"overwritePDFOutline\":\"false\",\"direction\":\"1\",\"pageSize\":\"0\",\"source\":\"https:\\\/\\\/famelona.mg\\\/wp-content\\\/uploads\\\/2025\\\/07\\\/N\\u00b0010-Sambirano-Maresaka-Juin-2025_Compressed.pdf\",\"wpOptions\":\"true\"}; if(window.DFLIP && window.DFLIP.parseBooks){window.DFLIP.parseBooks();}<\/script>\n\n\n\n<p><em>Sambirano Maresaka_Mars 2025_N\u00b0009<\/em><\/p>\n\n\n\n<div class=\"_df_book df-lite\" id=\"df_1375\"  _slug=\"sambirano-maresaka-mars-n009\" data-title=\"sambirano-maresaka-mars-n009\" wpoptions=\"true\" thumbtype=\"\" ><\/div><script class=\"df-shortcode-script\" nowprocket type=\"application\/javascript\">window.option_df_1375 = {\"outline\":[],\"autoEnableOutline\":\"false\",\"autoEnableThumbnail\":\"false\",\"overwritePDFOutline\":\"false\",\"direction\":\"1\",\"pageSize\":\"0\",\"source\":\"https:\\\/\\\/famelona.mg\\\/wp-content\\\/uploads\\\/2025\\\/05\\\/SM-Mars-2025-N\\u00b0009_compressed.pdf\",\"wpOptions\":\"true\"}; if(window.DFLIP && window.DFLIP.parseBooks){window.DFLIP.parseBooks();}<\/script>\n\n\n\n<p><em>Sambirano Maresaka_Janvier 2025_N\u00b0008<\/em><\/p>\n\n\n\n<div class=\"_df_book df-lite\" id=\"df_1322\"  _slug=\"sambirano-maresaka-janvier-2025\" data-title=\"sambirano-maresaka-janvier-2025\" wpoptions=\"true\" thumbtype=\"\" ><\/div><script class=\"df-shortcode-script\" nowprocket type=\"application\/javascript\">window.option_df_1322 = {\"outline\":[],\"duration\":\"800\",\"autoEnableOutline\":\"false\",\"autoEnableThumbnail\":\"false\",\"overwritePDFOutline\":\"false\",\"direction\":\"1\",\"pageSize\":\"0\",\"source\":\"https:\\\/\\\/famelona.mg\\\/wp-content\\\/uploads\\\/2025\\\/03\\\/Sambirano-Maresaka-Janvier-2025_compressed.pdf\",\"wpOptions\":\"true\"}; if(window.DFLIP && window.DFLIP.parseBooks){window.DFLIP.parseBooks();}<\/script>\n\n\n\n<p><em>Sambirano Maresaka_Mars 2022_N\u00b000<\/em>7<\/p>\n\n\n\n<div class=\"_df_book df-lite\" id=\"df_1171\"  _slug=\"sambirano-maresaka-07\" data-title=\"sambirano-maresaka-07\" wpoptions=\"true\" thumbtype=\"\" ><\/div><script class=\"df-shortcode-script\" nowprocket type=\"application\/javascript\">window.option_df_1171 = {\"outline\":[],\"backgroundColor\":\"#FFFFFF\",\"autoEnableOutline\":\"false\",\"autoEnableThumbnail\":\"false\",\"overwritePDFOutline\":\"false\",\"direction\":\"1\",\"pageSize\":\"0\",\"source\":\"https:\\\/\\\/famelona.mg\\\/wp-content\\\/uploads\\\/2022\\\/11\\\/SM7.pdf\",\"wpOptions\":\"true\"}; if(window.DFLIP && window.DFLIP.parseBooks){window.DFLIP.parseBooks();}<\/script>\n\n\n\n<p><em>Sambirano Maresaka_Octobre 2021_N\u00b000<\/em>6<\/p>\n\n\n\n<div class=\"_df_book df-lite\" id=\"df_1023\"  _slug=\"sambirano-maresaka-6\" data-title=\"sambirano-maresaka-6\" wpoptions=\"true\" thumb=\"http:\/\/famelona.mg\/wp-content\/uploads\/2021\/10\/cover-sm6.jpg\" thumbtype=\"\" ><\/div><script class=\"df-shortcode-script\" nowprocket type=\"application\/javascript\">window.option_df_1023 = {\"outline\":[],\"backgroundColor\":\"#FFFFFF\",\"autoEnableOutline\":\"false\",\"autoEnableThumbnail\":\"false\",\"overwritePDFOutline\":\"false\",\"direction\":\"1\",\"pageSize\":\"0\",\"source\":\"http:\\\/\\\/famelona.mg\\\/wp-content\\\/uploads\\\/2021\\\/10\\\/Sambirano-Maresaka-octobre-2021.pdf\",\"wpOptions\":\"true\"}; if(window.DFLIP && window.DFLIP.parseBooks){window.DFLIP.parseBooks();}<\/script>\n\n\n\n<figure class=\"wp-block-video\"><video autoplay loop preload=\"auto\" src=\"https:\/\/famelona.mg\/wp-content\/uploads\/2020\/02\/splash-fml.mp4\"><\/video><\/figure>\n\n\n\n<div class=\"_df_book df-lite\" id=\"df_980\"  _slug=\"sambirano-maresaka-5\" data-title=\"sambirano-maresaka-5\" wpoptions=\"true\" thumb=\"http:\/\/famelona.mg\/wp-content\/uploads\/2021\/07\/couv.jpg\" thumbtype=\"\" ><\/div><script class=\"df-shortcode-script\" nowprocket type=\"application\/javascript\">window.option_df_980 = {\"outline\":[],\"backgroundColor\":\"#ffffff\",\"autoEnableOutline\":\"false\",\"autoEnableThumbnail\":\"false\",\"overwritePDFOutline\":\"false\",\"direction\":\"1\",\"pageSize\":\"0\",\"source\":\"http:\\\/\\\/famelona.mg\\\/wp-content\\\/uploads\\\/2021\\\/07\\\/Sambirano-Maresaka-5.pdf\",\"wpOptions\":\"true\"}; if(window.DFLIP && window.DFLIP.parseBooks){window.DFLIP.parseBooks();}<\/script>\n\n\n\n<div class=\"_df_book df-lite\" id=\"df_871\"  _slug=\"sambirano-maresaka-4\" data-title=\"sambirano-maresaka-4\" wpoptions=\"true\" thumbtype=\"\" ><\/div><script class=\"df-shortcode-script\" nowprocket type=\"application\/javascript\">window.option_df_871 = {\"outline\":[],\"autoEnableOutline\":\"false\",\"autoEnableThumbnail\":\"false\",\"overwritePDFOutline\":\"false\",\"direction\":\"1\",\"pageSize\":\"0\",\"source\":\"http:\\\/\\\/famelona.mg\\\/wp-content\\\/uploads\\\/2021\\\/03\\\/SM-Mars-Final.pdf\",\"wpOptions\":\"true\"}; if(window.DFLIP && window.DFLIP.parseBooks){window.DFLIP.parseBooks();}<\/script>\n\n\n\n<div class=\"_df_book df-lite\" id=\"df_675\"  _slug=\"sambirano-maresaka-aout\" data-title=\"sambirano-maresaka-aout\" wpoptions=\"true\" thumbtype=\"\" ><\/div><script class=\"df-shortcode-script\" nowprocket type=\"application\/javascript\">window.option_df_675 = {\"webgl\":\"false\",\"outline\":[],\"backgroundColor\":\"#FFFFFF\",\"autoEnableOutline\":\"false\",\"autoEnableThumbnail\":\"false\",\"overwritePDFOutline\":\"false\",\"enableDownload\":\"true\",\"direction\":\"1\",\"pageSize\":\"0\",\"pageMode\":\"0\",\"source\":\"http:\\\/\\\/famelona.mg\\\/wp-content\\\/uploads\\\/2020\\\/09\\\/sambirano-maresaka-3.pdf\",\"wpOptions\":\"true\"}; if(window.DFLIP && window.DFLIP.parseBooks){window.DFLIP.parseBooks();}<\/script>\n\n\n\n<div class=\"_df_book df-lite\" id=\"df_680\"  _slug=\"sabirano-maresaka-2\" data-title=\"sabirano-maresaka-2\" wpoptions=\"true\" thumbtype=\"\" ><\/div><script class=\"df-shortcode-script\" nowprocket type=\"application\/javascript\">window.option_df_680 = {\"outline\":[],\"backgroundColor\":\"#FFFFFF\",\"autoEnableOutline\":\"false\",\"autoEnableThumbnail\":\"false\",\"overwritePDFOutline\":\"false\",\"direction\":\"1\",\"pageSize\":\"0\",\"source\":\"http:\\\/\\\/famelona.mg\\\/wp-content\\\/uploads\\\/2020\\\/05\\\/sambirano-maresaka-2.pdf\",\"wpOptions\":\"true\"}; if(window.DFLIP && window.DFLIP.parseBooks){window.DFLIP.parseBooks();}<\/script>\n\n\n\n<div class=\"_df_book df-lite\" id=\"df_682\"  _slug=\"sambirano-maresaka-1\" data-title=\"sambirano-maresaka-1\" wpoptions=\"true\" thumbtype=\"\" ><\/div><script class=\"df-shortcode-script\" nowprocket type=\"application\/javascript\">window.option_df_682 = {\"outline\":[],\"backgroundColor\":\"#FFFFFF\",\"autoEnableOutline\":\"false\",\"autoEnableThumbnail\":\"false\",\"overwritePDFOutline\":\"false\",\"direction\":\"1\",\"pageSize\":\"0\",\"source\":\"http:\\\/\\\/famelona.mg\\\/wp-content\\\/uploads\\\/2020\\\/01\\\/SAMBIRANO-MARESAKA-1.pdf\",\"wpOptions\":\"true\"}; if(window.DFLIP && window.DFLIP.parseBooks){window.DFLIP.parseBooks();}<\/script>\n\n\n\n<div class=\"_df_book df-lite\" id=\"df_684\"  _slug=\"sambirano-maresaka-0\" data-title=\"sambirano-maresaka-0\" wpoptions=\"true\" thumbtype=\"\" ><\/div><script class=\"df-shortcode-script\" nowprocket type=\"application\/javascript\">window.option_df_684 = {\"outline\":[],\"backgroundColor\":\"#FFFFFF\",\"autoEnableOutline\":\"false\",\"autoEnableThumbnail\":\"false\",\"overwritePDFOutline\":\"false\",\"direction\":\"1\",\"pageSize\":\"0\",\"source\":\"http:\\\/\\\/famelona.mg\\\/wp-content\\\/uploads\\\/2019\\\/11\\\/Num\\u00e9ro-zero.pdf\",\"wpOptions\":\"true\"}; if(window.DFLIP && window.DFLIP.parseBooks){window.DFLIP.parseBooks();}<\/script>\n\n\n\n\n\n\n\n\n\n\n\n\n\n\n\n\n","protected":false},"excerpt":{"rendered":"<p>Vous pouvez lire notre newsletter Sambirano Maresaka ici Sambirano Maresaka_Revue annuelle de l&rsquo;ann\u00e9e 2025_N\u00b0012 Sambirano Maresaka_Septembre 2025_N\u00b0011 Sambirano Maresaka_Juin 2025_N\u00b0010 Sambirano Maresaka_Mars [&hellip;]<\/p>\n","protected":false},"author":1,"featured_media":0,"parent":0,"menu_order":0,"comment_status":"closed","ping_status":"closed","template":"","meta":{"advgb_blocks_editor_width":"","advgb_blocks_columns_visual_guide":"","episode_type":"","audio_file":"","cover_image":"","cover_image_id":"","duration":"","filesize":"","date_recorded":"","explicit":"","block":"","filesize_raw":"","footnotes":""},"aioseo_notices":[],"coauthors":[],"author_meta":{"author_link":"https:\/\/famelona.mg\/?author=1","display_name":"Association Famelona"},"relative_dates":{"created":"Publi\u00e9 6 ans il y a","modified":"Mis \u00e0 jour 2 mois il y a"},"absolute_dates":{"created":"Publi\u00e9 le 28 octobre 2020","modified":"Mise \u00e0 jour le 9 mars 2026"},"absolute_dates_time":{"created":"Publi\u00e9 le 28 octobre 2020 9 h 00 min","modified":"Mise \u00e0 jour le 9 mars 2026 12 h 32 min"},"featured_img_caption":"","featured_img":false,"series_order":"","jetpack_likes_enabled":true,"jetpack_sharing_enabled":true,"_links":{"self":[{"href":"https:\/\/famelona.mg\/index.php?rest_route=\/wp\/v2\/pages\/686"}],"collection":[{"href":"https:\/\/famelona.mg\/index.php?rest_route=\/wp\/v2\/pages"}],"about":[{"href":"https:\/\/famelona.mg\/index.php?rest_route=\/wp\/v2\/types\/page"}],"author":[{"embeddable":true,"href":"https:\/\/famelona.mg\/index.php?rest_route=\/wp\/v2\/users\/1"}],"replies":[{"embeddable":true,"href":"https:\/\/famelona.mg\/index.php?rest_route=%2Fwp%2Fv2%2Fcomments&post=686"}],"version-history":[{"count":18,"href":"https:\/\/famelona.mg\/index.php?rest_route=\/wp\/v2\/pages\/686\/revisions"}],"predecessor-version":[{"id":1699,"href":"https:\/\/famelona.mg\/index.php?rest_route=\/wp\/v2\/pages\/686\/revisions\/1699"}],"wp:attachment":[{"href":"https:\/\/famelona.mg\/index.php?rest_route=%2Fwp%2Fv2%2Fmedia&parent=686"}],"curies":[{"name":"wp","href":"https:\/\/api.w.org\/{rel}","templated":true}]}}