{"id":821,"date":"2021-01-21T13:07:11","date_gmt":"2021-01-21T12:07:11","guid":{"rendered":"http:\/\/famelona.mg\/?page_id=821"},"modified":"2021-01-21T13:33:45","modified_gmt":"2021-01-21T12:33:45","slug":"agissons-ensemble","status":"publish","type":"page","link":"https:\/\/famelona.mg\/?page_id=821","title":{"rendered":"Agissons ensemble"},"content":{"rendered":"\n<p class=\"has-text-align-center\"><strong>En faisant un Don \u00e0 l&rsquo;Association Famelona, vous agissez avec nous en prennant part \u00e0 la protection et \u00e0 la conservation de la biodiversit\u00e9. <\/strong><\/p>\n\n\n\n<div class=\"wp-block-media-text alignwide is-stacked-on-mobile\" style=\"grid-template-columns:75% auto\"><figure class=\"wp-block-media-text__media\"><img decoding=\"async\" width=\"1024\" height=\"768\" src=\"https:\/\/i0.wp.com\/famelona.mg\/wp-content\/uploads\/2020\/02\/P1200302.jpg?resize=1024%2C768&#038;ssl=1\" alt=\"\" class=\"wp-image-549\" srcset=\"https:\/\/i0.wp.com\/famelona.mg\/wp-content\/uploads\/2020\/02\/P1200302-scaled.jpg?resize=1024%2C768&amp;ssl=1 1024w, https:\/\/i0.wp.com\/famelona.mg\/wp-content\/uploads\/2020\/02\/P1200302-scaled.jpg?resize=300%2C225&amp;ssl=1 300w, https:\/\/i0.wp.com\/famelona.mg\/wp-content\/uploads\/2020\/02\/P1200302-scaled.jpg?resize=768%2C576&amp;ssl=1 768w, https:\/\/i0.wp.com\/famelona.mg\/wp-content\/uploads\/2020\/02\/P1200302-scaled.jpg?resize=1536%2C1152&amp;ssl=1 1536w, https:\/\/i0.wp.com\/famelona.mg\/wp-content\/uploads\/2020\/02\/P1200302-scaled.jpg?resize=2048%2C1536&amp;ssl=1 2048w, https:\/\/i0.wp.com\/famelona.mg\/wp-content\/uploads\/2020\/02\/P1200302-scaled.jpg?resize=830%2C623&amp;ssl=1 830w, https:\/\/i0.wp.com\/famelona.mg\/wp-content\/uploads\/2020\/02\/P1200302-scaled.jpg?resize=230%2C173&amp;ssl=1 230w, https:\/\/i0.wp.com\/famelona.mg\/wp-content\/uploads\/2020\/02\/P1200302-scaled.jpg?resize=350%2C263&amp;ssl=1 350w, https:\/\/i0.wp.com\/famelona.mg\/wp-content\/uploads\/2020\/02\/P1200302-scaled.jpg?resize=480%2C360&amp;ssl=1 480w, https:\/\/i0.wp.com\/famelona.mg\/wp-content\/uploads\/2020\/02\/P1200302-scaled.jpg?w=2340&amp;ssl=1 2340w\" sizes=\"(max-width: 1024px) 100vw, 1024px\" data-recalc-dims=\"1\" \/><\/figure><div class=\"wp-block-media-text__content\">\n<p class=\"has-text-align-left has-medium-font-size\"><strong>Vous contribuez aux actions d&rsquo;\u00e9ducation et de sensibilisation durable au sein des aires prot\u00e9g\u00e9es Ampasindava et Galoko-Kalobinono<\/strong><\/p>\n<\/div><\/div>\n\n\n\n<div style=\"height:68px\" aria-hidden=\"true\" class=\"wp-block-spacer\"><\/div>\n\n\n\n<div class=\"wp-block-media-text alignwide has-media-on-the-right is-stacked-on-mobile\" style=\"grid-template-columns:auto 75%\"><figure class=\"wp-block-media-text__media\"><img decoding=\"async\" width=\"1024\" height=\"768\" src=\"https:\/\/i0.wp.com\/famelona.mg\/wp-content\/uploads\/2020\/11\/P9181063.jpg?resize=1024%2C768&#038;ssl=1\" alt=\"\" class=\"wp-image-790\" srcset=\"https:\/\/i0.wp.com\/famelona.mg\/wp-content\/uploads\/2020\/11\/P9181063-scaled.jpg?resize=1024%2C768&amp;ssl=1 1024w, https:\/\/i0.wp.com\/famelona.mg\/wp-content\/uploads\/2020\/11\/P9181063-scaled.jpg?resize=300%2C225&amp;ssl=1 300w, https:\/\/i0.wp.com\/famelona.mg\/wp-content\/uploads\/2020\/11\/P9181063-scaled.jpg?resize=768%2C576&amp;ssl=1 768w, https:\/\/i0.wp.com\/famelona.mg\/wp-content\/uploads\/2020\/11\/P9181063-scaled.jpg?resize=1536%2C1152&amp;ssl=1 1536w, https:\/\/i0.wp.com\/famelona.mg\/wp-content\/uploads\/2020\/11\/P9181063-scaled.jpg?resize=2048%2C1536&amp;ssl=1 2048w, https:\/\/i0.wp.com\/famelona.mg\/wp-content\/uploads\/2020\/11\/P9181063-scaled.jpg?resize=830%2C623&amp;ssl=1 830w, https:\/\/i0.wp.com\/famelona.mg\/wp-content\/uploads\/2020\/11\/P9181063-scaled.jpg?resize=230%2C173&amp;ssl=1 230w, https:\/\/i0.wp.com\/famelona.mg\/wp-content\/uploads\/2020\/11\/P9181063-scaled.jpg?resize=350%2C263&amp;ssl=1 350w, https:\/\/i0.wp.com\/famelona.mg\/wp-content\/uploads\/2020\/11\/P9181063-scaled.jpg?resize=480%2C360&amp;ssl=1 480w, https:\/\/i0.wp.com\/famelona.mg\/wp-content\/uploads\/2020\/11\/P9181063-scaled.jpg?w=2340&amp;ssl=1 2340w\" sizes=\"(max-width: 1024px) 100vw, 1024px\" data-recalc-dims=\"1\" \/><\/figure><div class=\"wp-block-media-text__content\">\n<p class=\"has-text-align-left has-medium-font-size\"><strong>Vous participez \u00e0 la pr\u00e9servation des \u00e9sp\u00e8ces menac\u00e9es<\/strong><\/p>\n<\/div><\/div>\n\n\n\n<div style=\"height:68px\" aria-hidden=\"true\" class=\"wp-block-spacer\"><\/div>\n\n\n\n<div class=\"wp-block-media-text alignwide is-stacked-on-mobile\" style=\"grid-template-columns:75% auto\"><figure class=\"wp-block-media-text__media\"><img decoding=\"async\" width=\"1024\" height=\"768\" src=\"https:\/\/i0.wp.com\/famelona.mg\/wp-content\/uploads\/2020\/03\/IMG_2063.jpg?resize=1024%2C768&#038;ssl=1\" alt=\"p\u00e9pini\u00e8re\" class=\"wp-image-590\" srcset=\"https:\/\/i0.wp.com\/famelona.mg\/wp-content\/uploads\/2020\/03\/IMG_2063-scaled.jpg?resize=1024%2C768&amp;ssl=1 1024w, https:\/\/i0.wp.com\/famelona.mg\/wp-content\/uploads\/2020\/03\/IMG_2063-scaled.jpg?resize=300%2C225&amp;ssl=1 300w, https:\/\/i0.wp.com\/famelona.mg\/wp-content\/uploads\/2020\/03\/IMG_2063-scaled.jpg?resize=768%2C576&amp;ssl=1 768w, https:\/\/i0.wp.com\/famelona.mg\/wp-content\/uploads\/2020\/03\/IMG_2063-scaled.jpg?resize=1536%2C1152&amp;ssl=1 1536w, https:\/\/i0.wp.com\/famelona.mg\/wp-content\/uploads\/2020\/03\/IMG_2063-scaled.jpg?resize=2048%2C1536&amp;ssl=1 2048w, https:\/\/i0.wp.com\/famelona.mg\/wp-content\/uploads\/2020\/03\/IMG_2063-scaled.jpg?resize=830%2C623&amp;ssl=1 830w, https:\/\/i0.wp.com\/famelona.mg\/wp-content\/uploads\/2020\/03\/IMG_2063-scaled.jpg?resize=230%2C173&amp;ssl=1 230w, https:\/\/i0.wp.com\/famelona.mg\/wp-content\/uploads\/2020\/03\/IMG_2063-scaled.jpg?resize=350%2C263&amp;ssl=1 350w, https:\/\/i0.wp.com\/famelona.mg\/wp-content\/uploads\/2020\/03\/IMG_2063-scaled.jpg?resize=480%2C360&amp;ssl=1 480w, https:\/\/i0.wp.com\/famelona.mg\/wp-content\/uploads\/2020\/03\/IMG_2063-scaled.jpg?w=2340&amp;ssl=1 2340w\" sizes=\"(max-width: 1024px) 100vw, 1024px\" data-recalc-dims=\"1\" \/><\/figure><div class=\"wp-block-media-text__content\">\n<p class=\"has-text-align-left has-medium-font-size\"><strong>Vous agissez pour la restauration des for\u00eats, mangroves et habit\u00e2ts naturels endommag\u00e9s<\/strong><\/p>\n<\/div><\/div>\n\n\n\n<div style=\"height:60px\" aria-hidden=\"true\" class=\"wp-block-spacer\"><\/div>\n\n\n\n<p><strong>En soutenant l&rsquo;Association Famelona, vous soutenez les activit\u00e9s \u00e0 impact social et environnemental positif au sein des aires prot\u00e9g\u00e9es Ampasindava et Galoko-Kalobinono. <\/strong><\/p>\n\n\n\n<p class=\"has-white-color has-vivid-green-cyan-background-color has-text-color has-background\">&gt;&gt;&gt; \u00e0 partir du 31 \/ 12 \/ 2020 vous \u00eates pri\u00e9s de remplir le formulaire ci-dessous afin de finaliser votre projet de soutien aux activit\u00e9s de l&rsquo;Association. Nous vous remercions de votre compr\u00e9hension.<\/p>\n\n\n<div class=\"wp-block-jetpack-contact-form\"><a href=\"https:\/\/famelona.mg\/?page_id=821\" target=\"_blank\" rel=\"noopener noreferrer\">Soumettre un formulaire.<\/a><\/div>\n\n\n<p><\/p>\n","protected":false},"excerpt":{"rendered":"<p>En faisant un Don \u00e0 l&rsquo;Association Famelona, vous agissez avec nous en prennant part \u00e0 la protection et \u00e0 la conservation de [&hellip;]<\/p>\n","protected":false},"author":1,"featured_media":0,"parent":0,"menu_order":0,"comment_status":"closed","ping_status":"closed","template":"page-templates\/page_fullwidth.php","meta":{"advgb_blocks_editor_width":"","advgb_blocks_columns_visual_guide":"","episode_type":"","audio_file":"","cover_image":"","cover_image_id":"","duration":"","filesize":"","date_recorded":"","explicit":"","block":"","filesize_raw":"","footnotes":""},"aioseo_notices":[],"coauthors":[],"author_meta":{"author_link":"https:\/\/famelona.mg\/?author=1","display_name":"Association Famelona"},"relative_dates":{"created":"Publi\u00e9 5 ans il y a","modified":"Mis \u00e0 jour 5 ans il y a"},"absolute_dates":{"created":"Publi\u00e9 le 21 janvier 2021","modified":"Mise \u00e0 jour le 21 janvier 2021"},"absolute_dates_time":{"created":"Publi\u00e9 le 21 janvier 2021 13 h 07 min","modified":"Mise \u00e0 jour le 21 janvier 2021 13 h 33 min"},"featured_img_caption":"","featured_img":false,"series_order":"","jetpack_likes_enabled":true,"jetpack_sharing_enabled":true,"_links":{"self":[{"href":"https:\/\/famelona.mg\/index.php?rest_route=\/wp\/v2\/pages\/821"}],"collection":[{"href":"https:\/\/famelona.mg\/index.php?rest_route=\/wp\/v2\/pages"}],"about":[{"href":"https:\/\/famelona.mg\/index.php?rest_route=\/wp\/v2\/types\/page"}],"author":[{"embeddable":true,"href":"https:\/\/famelona.mg\/index.php?rest_route=\/wp\/v2\/users\/1"}],"replies":[{"embeddable":true,"href":"https:\/\/famelona.mg\/index.php?rest_route=%2Fwp%2Fv2%2Fcomments&post=821"}],"version-history":[{"count":11,"href":"https:\/\/famelona.mg\/index.php?rest_route=\/wp\/v2\/pages\/821\/revisions"}],"predecessor-version":[{"id":836,"href":"https:\/\/famelona.mg\/index.php?rest_route=\/wp\/v2\/pages\/821\/revisions\/836"}],"wp:attachment":[{"href":"https:\/\/famelona.mg\/index.php?rest_route=%2Fwp%2Fv2%2Fmedia&parent=821"}],"curies":[{"name":"wp","href":"https:\/\/api.w.org\/{rel}","templated":true}]}}